{"id":655,"date":"2014-12-05T14:43:44","date_gmt":"2014-12-05T14:43:44","guid":{"rendered":"http:\/\/www.cds-brescia.it\/chi-siamo\/link-utili\/"},"modified":"2015-05-22T07:22:30","modified_gmt":"2015-05-22T07:22:30","slug":"link-utili","status":"publish","type":"page","link":"https:\/\/www.cds-brescia.it\/de\/visite-mediche-dipendenti\/link-utili\/","title":{"rendered":"N\u00fctzliche Links"},"content":{"rendered":"<p>Nachstehend haben wir Ihnen einige Links zusammengestellt, von denen wir denken, dass sie f\u00fcr alle unsere Nutzer n\u00fctzlich sein k\u00f6nnen:<\/p>\n<p>&#8211;<a href=\"http:\/\/www.ispesl.it\" target=\"_blank\"> ISPESL<\/a><a href=\"http:\/\/www.ispesl.it\"><br \/>\n<\/a>&#8211; <a href=\"http:\/\/www.inail.it\" target=\"_blank\">INAIL<\/a><a href=\"http:\/\/www.inail.it\"><br \/>\n<\/a>&#8211; <a href=\"http:\/\/www.aslbrescia.it\" target=\"_blank\">ASL BRESCIA<\/a><a href=\"http:\/\/www.aslbrescia.it\"><br \/>\n<\/a>&#8211; <a href=\"http:\/\/www.ita.arpalombardia.it\" target=\"_blank\">ARPA LOMBARDIA<\/a><a href=\"http:\/\/www.ita.arpalombardia.it\"><br \/>\n<\/a>&#8211; <a href=\"http:\/\/www.regione.lombardia.it\" target=\"_blank\">REGIONE LOMBARDIA<\/a><a href=\"http:\/\/www.regione.lombardia.it\"><br \/>\n<\/a>&#8211; <a href=\"http:\/\/www.salute.gov.it\" target=\"_blank\">MINISTERO DELLA SALUTE<\/a><a href=\"http:\/\/www.salute.gov.it\"><br \/>\n<\/a>&#8211; <a href=\"http:\/\/www.lavoro.gov.it\" target=\"_blank\">MINISTERO DEL LAVORO<\/a><a href=\"http:\/\/www.lavoro.gov.it\"><br \/>\n<\/a>&#8211; <a href=\"http:\/\/www.gazzettaufficiale.it\" target=\"_blank\">GAZZETTA UFFICIALE<\/a><\/p>\n","protected":false},"excerpt":{"rendered":"<p>Nachstehend haben wir Ihnen einige Links zusammengestellt, von denen wir denken, dass sie f\u00fcr alle unsere Nutzer n\u00fctzlich sein k\u00f6nnen: &#8211; ISPESL &#8211; INAIL &#8211; ASL BRESCIA &#8211; ARPA LOMBARDIA &#8211; REGIONE LOMBARDIA &#8211; MINISTERO DELLA SALUTE &#8211; MINISTERO DEL LAVORO &#8211; GAZZETTA UFFICIALE<\/p>\n","protected":false},"author":4,"featured_media":0,"parent":644,"menu_order":0,"comment_status":"closed","ping_status":"closed","template":"template-contenuti.php","meta":{"_acf_changed":false,"footnotes":""},"class_list":["post-655","page","type-page","status-publish","hentry"],"acf":[],"yoast_head":"<!-- This site is optimized with the Yoast SEO plugin v26.2 - https:\/\/yoast.com\/wordpress\/plugins\/seo\/ -->\n<title>Sorveglianza sanitaria CDS Brescia<\/title>\n<meta name=\"description\" content=\"Forniamo una lista di link utili per approfondire gli argomenti Sorveglianza Sanitaria e visite mediche dipendenti come\" \/>\n<meta name=\"robots\" content=\"index, follow, max-snippet:-1, max-image-preview:large, max-video-preview:-1\" \/>\n<link rel=\"canonical\" href=\"https:\/\/www.cds-brescia.it\/de\/visite-mediche-dipendenti\/link-utili\/\" \/>\n<meta property=\"og:locale\" content=\"de_DE\" \/>\n<meta property=\"og:type\" content=\"article\" \/>\n<meta property=\"og:title\" content=\"Sorveglianza sanitaria CDS Brescia\" \/>\n<meta property=\"og:description\" content=\"Forniamo una lista di link utili per approfondire gli argomenti Sorveglianza Sanitaria e visite mediche dipendenti come\" \/>\n<meta property=\"og:url\" content=\"https:\/\/www.cds-brescia.it\/de\/visite-mediche-dipendenti\/link-utili\/\" \/>\n<meta property=\"og:site_name\" content=\"CDS Brescia - Diagnostica strumentale\" \/>\n<meta property=\"article:modified_time\" content=\"2015-05-22T07:22:30+00:00\" \/>\n<script type=\"application\/ld+json\" class=\"yoast-schema-graph\">{\"@context\":\"https:\/\/schema.org\",\"@graph\":[{\"@type\":\"WebPage\",\"@id\":\"https:\/\/www.cds-brescia.it\/de\/visite-mediche-dipendenti\/link-utili\/\",\"url\":\"https:\/\/www.cds-brescia.it\/de\/visite-mediche-dipendenti\/link-utili\/\",\"name\":\"Sorveglianza sanitaria CDS Brescia\",\"isPartOf\":{\"@id\":\"https:\/\/www.cds-brescia.it\/#website\"},\"datePublished\":\"2014-12-05T14:43:44+00:00\",\"dateModified\":\"2015-05-22T07:22:30+00:00\",\"description\":\"Forniamo una lista di link utili per approfondire gli argomenti Sorveglianza Sanitaria e visite mediche dipendenti come\",\"breadcrumb\":{\"@id\":\"https:\/\/www.cds-brescia.it\/de\/visite-mediche-dipendenti\/link-utili\/#breadcrumb\"},\"inLanguage\":\"de\",\"potentialAction\":[{\"@type\":\"ReadAction\",\"target\":[\"https:\/\/www.cds-brescia.it\/de\/visite-mediche-dipendenti\/link-utili\/\"]}]},{\"@type\":\"BreadcrumbList\",\"@id\":\"https:\/\/www.cds-brescia.it\/de\/visite-mediche-dipendenti\/link-utili\/#breadcrumb\",\"itemListElement\":[{\"@type\":\"ListItem\",\"position\":1,\"name\":\"Home\",\"item\":\"https:\/\/www.cds-brescia.it\/de\/\"},{\"@type\":\"ListItem\",\"position\":2,\"name\":\"\u00dcber uns\",\"item\":\"https:\/\/www.cds-brescia.it\/de\/visite-mediche-dipendenti\/\"},{\"@type\":\"ListItem\",\"position\":3,\"name\":\"N\u00fctzliche Links\"}]},{\"@type\":\"WebSite\",\"@id\":\"https:\/\/www.cds-brescia.it\/#website\",\"url\":\"https:\/\/www.cds-brescia.it\/\",\"name\":\"CDS Brescia - Diagnostica strumentale\",\"description\":\"CDS Brescia fornisce servizi di medicina del lavoro, sicurezza sul lavoro e formazione per le Aziende. Eroghiamo i nostri servizi in tutta Italia.\",\"potentialAction\":[{\"@type\":\"SearchAction\",\"target\":{\"@type\":\"EntryPoint\",\"urlTemplate\":\"https:\/\/www.cds-brescia.it\/?s={search_term_string}\"},\"query-input\":{\"@type\":\"PropertyValueSpecification\",\"valueRequired\":true,\"valueName\":\"search_term_string\"}}],\"inLanguage\":\"de\"}]}<\/script>\n<!-- \/ Yoast SEO plugin. -->","yoast_head_json":{"title":"Sorveglianza sanitaria CDS Brescia","description":"Forniamo una lista di link utili per approfondire gli argomenti Sorveglianza Sanitaria e visite mediche dipendenti come","robots":{"index":"index","follow":"follow","max-snippet":"max-snippet:-1","max-image-preview":"max-image-preview:large","max-video-preview":"max-video-preview:-1"},"canonical":"https:\/\/www.cds-brescia.it\/de\/visite-mediche-dipendenti\/link-utili\/","og_locale":"de_DE","og_type":"article","og_title":"Sorveglianza sanitaria CDS Brescia","og_description":"Forniamo una lista di link utili per approfondire gli argomenti Sorveglianza Sanitaria e visite mediche dipendenti come","og_url":"https:\/\/www.cds-brescia.it\/de\/visite-mediche-dipendenti\/link-utili\/","og_site_name":"CDS Brescia - Diagnostica strumentale","article_modified_time":"2015-05-22T07:22:30+00:00","schema":{"@context":"https:\/\/schema.org","@graph":[{"@type":"WebPage","@id":"https:\/\/www.cds-brescia.it\/de\/visite-mediche-dipendenti\/link-utili\/","url":"https:\/\/www.cds-brescia.it\/de\/visite-mediche-dipendenti\/link-utili\/","name":"Sorveglianza sanitaria CDS Brescia","isPartOf":{"@id":"https:\/\/www.cds-brescia.it\/#website"},"datePublished":"2014-12-05T14:43:44+00:00","dateModified":"2015-05-22T07:22:30+00:00","description":"Forniamo una lista di link utili per approfondire gli argomenti Sorveglianza Sanitaria e visite mediche dipendenti come","breadcrumb":{"@id":"https:\/\/www.cds-brescia.it\/de\/visite-mediche-dipendenti\/link-utili\/#breadcrumb"},"inLanguage":"de","potentialAction":[{"@type":"ReadAction","target":["https:\/\/www.cds-brescia.it\/de\/visite-mediche-dipendenti\/link-utili\/"]}]},{"@type":"BreadcrumbList","@id":"https:\/\/www.cds-brescia.it\/de\/visite-mediche-dipendenti\/link-utili\/#breadcrumb","itemListElement":[{"@type":"ListItem","position":1,"name":"Home","item":"https:\/\/www.cds-brescia.it\/de\/"},{"@type":"ListItem","position":2,"name":"\u00dcber uns","item":"https:\/\/www.cds-brescia.it\/de\/visite-mediche-dipendenti\/"},{"@type":"ListItem","position":3,"name":"N\u00fctzliche Links"}]},{"@type":"WebSite","@id":"https:\/\/www.cds-brescia.it\/#website","url":"https:\/\/www.cds-brescia.it\/","name":"CDS Brescia - Diagnostica strumentale","description":"CDS Brescia fornisce servizi di medicina del lavoro, sicurezza sul lavoro e formazione per le Aziende. Eroghiamo i nostri servizi in tutta Italia.","potentialAction":[{"@type":"SearchAction","target":{"@type":"EntryPoint","urlTemplate":"https:\/\/www.cds-brescia.it\/?s={search_term_string}"},"query-input":{"@type":"PropertyValueSpecification","valueRequired":true,"valueName":"search_term_string"}}],"inLanguage":"de"}]}},"_links":{"self":[{"href":"https:\/\/www.cds-brescia.it\/de\/wp-json\/wp\/v2\/pages\/655","targetHints":{"allow":["GET"]}}],"collection":[{"href":"https:\/\/www.cds-brescia.it\/de\/wp-json\/wp\/v2\/pages"}],"about":[{"href":"https:\/\/www.cds-brescia.it\/de\/wp-json\/wp\/v2\/types\/page"}],"author":[{"embeddable":true,"href":"https:\/\/www.cds-brescia.it\/de\/wp-json\/wp\/v2\/users\/4"}],"replies":[{"embeddable":true,"href":"https:\/\/www.cds-brescia.it\/de\/wp-json\/wp\/v2\/comments?post=655"}],"version-history":[{"count":2,"href":"https:\/\/www.cds-brescia.it\/de\/wp-json\/wp\/v2\/pages\/655\/revisions"}],"predecessor-version":[{"id":658,"href":"https:\/\/www.cds-brescia.it\/de\/wp-json\/wp\/v2\/pages\/655\/revisions\/658"}],"up":[{"embeddable":true,"href":"https:\/\/www.cds-brescia.it\/de\/wp-json\/wp\/v2\/pages\/644"}],"wp:attachment":[{"href":"https:\/\/www.cds-brescia.it\/de\/wp-json\/wp\/v2\/media?parent=655"}],"curies":[{"name":"wp","href":"https:\/\/api.w.org\/{rel}","templated":true}]}}