{"id":660,"date":"2014-12-04T15:15:24","date_gmt":"2014-12-04T15:15:24","guid":{"rendered":"http:\/\/www.cds-brescia.it\/chi-siamo\/professionisti\/"},"modified":"2015-05-22T07:35:33","modified_gmt":"2015-05-22T07:35:33","slug":"professionisti","status":"publish","type":"page","link":"https:\/\/www.cds-brescia.it\/de\/visite-mediche-dipendenti\/professionisti\/","title":{"rendered":"Professionalit\u00e4t"},"content":{"rendered":"<p align=\"LEFT\"><b><span style=\"font-size: large;\"><span lang=\"de-DE\">Ein Team, das Fachkompetenz, Seriosit\u00e4t und Ausgewogenheit vereint<\/span><\/span><\/b><\/p>\n<p align=\"LEFT\"><span lang=\"de-DE\">F\u00fcr CDS arbeitet ein Team aus <\/span><b><span lang=\"de-DE\">Fach\u00e4rzten f\u00fcr Arbeitsmedizin<\/span><\/b><span lang=\"de-DE\">, professionellen Krankenpflegern und Gesundheitstechnikern, die nicht nur h\u00f6chstqualifiziert sind, sondern sich auch alle mit dem Unternehmensleitbild identifizieren: Qualit\u00e4t des Dialogs mit dem Kunden und korrektes berufliches Handeln, damit die Gesundheits\u00fcberwachung eine wirkliche Ma\u00dfnahme der Pr\u00e4vention f\u00fcr die Arbeitnehmer darstellt. <\/span><\/p>\n<p lang=\"de-DE\" align=\"LEFT\"><span style=\"font-size: large;\"><b>Fortw\u00e4hrender Erfahrungsaustausch<\/b><\/span><\/p>\n<p align=\"LEFT\"><span lang=\"de-DE\">Das gesamte medizinische Personal steht in direktem Kontakt mit den jeweiligen Verantwortlichen von CDS und arbeitet im Team, nicht nur, um die Ausf\u00fchrung des Gesundheitsplans und die f\u00fcr eine Erf\u00fcllung der gesetzlichen Pflichten erforderliche Beratung sicherzustellen, sondern auch, um ein fachliches Know-how zu implementieren, das auf die st\u00e4ndige Verbesserung der Leistungen f\u00fcr den Gesundheitsschutz der Arbeitnehmer am Arbeitsplatz abzielt. <\/span><\/p>\n<p align=\"LEFT\"><b><span style=\"font-size: large;\"><span lang=\"de-DE\">Umsetzung strenger Protokollvorgaben mit Einf\u00fchlungsverm\u00f6gen und Leidenschaft<\/span><\/span><\/b><\/p>\n<p align=\"LEFT\"><span lang=\"de-DE\">Das Lesen und die Eintragung der biostatistischen Daten sowie die Anwendung der Pr\u00e4ventivma\u00dfnahmen, die sich an die Gesundheits\u00fcberwachung anschlie\u00dfen, erfolgen gem\u00e4\u00df speziellen Protokollen, so dass <\/span><b><span lang=\"de-DE\">sowohl Arbeitnehmer als auch Arbeitgeber wirklich gesch\u00fctzt sind<\/span><\/b><span lang=\"de-DE\">. \u00c4rztliches Einf\u00fchlungsverm\u00f6gen und berufliche Leidenschaft gew\u00e4hrleisten eine schnelle Erarbeitung von L\u00f6sungen, die auf alle individuelen Bed\u00fcrfnisse abgestimmt sind. <\/span><\/p>\n","protected":false},"excerpt":{"rendered":"<p>Ein Team, das Fachkompetenz, Seriosit\u00e4t und Ausgewogenheit vereint F\u00fcr CDS arbeitet ein Team aus Fach\u00e4rzten f\u00fcr Arbeitsmedizin, professionellen Krankenpflegern und Gesundheitstechnikern, die nicht nur h\u00f6chstqualifiziert sind, sondern sich auch alle mit dem Unternehmensleitbild identifizieren: Qualit\u00e4t des Dialogs mit dem Kunden und korrektes berufliches Handeln, damit die Gesundheits\u00fcberwachung eine wirkliche Ma\u00dfnahme der Pr\u00e4vention f\u00fcr die Arbeitnehmer [&hellip;]<\/p>\n","protected":false},"author":4,"featured_media":0,"parent":644,"menu_order":0,"comment_status":"closed","ping_status":"closed","template":"template-contenuti.php","meta":{"_acf_changed":false,"footnotes":""},"class_list":["post-660","page","type-page","status-publish","hentry"],"acf":[],"yoast_head":"<!-- This site is optimized with the Yoast SEO plugin v26.2 - https:\/\/yoast.com\/wordpress\/plugins\/seo\/ -->\n<title>Medicina del lavoro Brescia CDS Professionalit\u00e0<\/title>\n<meta name=\"description\" content=\"Un team che unisce competenza, seriet\u00e0 ed equilibrio CDS si avvale di un team Medici Specializzati in Medicina del Lavoro, infermieri professionali e tecnic\" \/>\n<meta name=\"robots\" content=\"index, follow, max-snippet:-1, max-image-preview:large, max-video-preview:-1\" \/>\n<link rel=\"canonical\" href=\"https:\/\/www.cds-brescia.it\/de\/visite-mediche-dipendenti\/professionisti\/\" \/>\n<meta property=\"og:locale\" content=\"de_DE\" \/>\n<meta property=\"og:type\" content=\"article\" \/>\n<meta property=\"og:title\" content=\"Medicina del lavoro Brescia CDS Professionalit\u00e0\" \/>\n<meta property=\"og:description\" content=\"Un team che unisce competenza, seriet\u00e0 ed equilibrio CDS si avvale di un team Medici Specializzati in Medicina del Lavoro, infermieri professionali e tecnic\" \/>\n<meta property=\"og:url\" content=\"https:\/\/www.cds-brescia.it\/de\/visite-mediche-dipendenti\/professionisti\/\" \/>\n<meta property=\"og:site_name\" content=\"CDS Brescia - Diagnostica strumentale\" \/>\n<meta property=\"article:modified_time\" content=\"2015-05-22T07:35:33+00:00\" \/>\n<meta name=\"twitter:label1\" content=\"Gesch\u00e4tzte Lesezeit\" \/>\n\t<meta name=\"twitter:data1\" content=\"1\u00a0Minute\" \/>\n<script type=\"application\/ld+json\" class=\"yoast-schema-graph\">{\"@context\":\"https:\/\/schema.org\",\"@graph\":[{\"@type\":\"WebPage\",\"@id\":\"https:\/\/www.cds-brescia.it\/de\/visite-mediche-dipendenti\/professionisti\/\",\"url\":\"https:\/\/www.cds-brescia.it\/de\/visite-mediche-dipendenti\/professionisti\/\",\"name\":\"Medicina del lavoro Brescia CDS Professionalit\u00e0\",\"isPartOf\":{\"@id\":\"https:\/\/www.cds-brescia.it\/#website\"},\"datePublished\":\"2014-12-04T15:15:24+00:00\",\"dateModified\":\"2015-05-22T07:35:33+00:00\",\"description\":\"Un team che unisce competenza, seriet\u00e0 ed equilibrio CDS si avvale di un team Medici Specializzati in Medicina del Lavoro, infermieri professionali e tecnic\",\"breadcrumb\":{\"@id\":\"https:\/\/www.cds-brescia.it\/de\/visite-mediche-dipendenti\/professionisti\/#breadcrumb\"},\"inLanguage\":\"de\",\"potentialAction\":[{\"@type\":\"ReadAction\",\"target\":[\"https:\/\/www.cds-brescia.it\/de\/visite-mediche-dipendenti\/professionisti\/\"]}]},{\"@type\":\"BreadcrumbList\",\"@id\":\"https:\/\/www.cds-brescia.it\/de\/visite-mediche-dipendenti\/professionisti\/#breadcrumb\",\"itemListElement\":[{\"@type\":\"ListItem\",\"position\":1,\"name\":\"Home\",\"item\":\"https:\/\/www.cds-brescia.it\/de\/\"},{\"@type\":\"ListItem\",\"position\":2,\"name\":\"\u00dcber uns\",\"item\":\"https:\/\/www.cds-brescia.it\/de\/visite-mediche-dipendenti\/\"},{\"@type\":\"ListItem\",\"position\":3,\"name\":\"Professionalit\u00e4t\"}]},{\"@type\":\"WebSite\",\"@id\":\"https:\/\/www.cds-brescia.it\/#website\",\"url\":\"https:\/\/www.cds-brescia.it\/\",\"name\":\"CDS Brescia - Diagnostica strumentale\",\"description\":\"CDS Brescia fornisce servizi di medicina del lavoro, sicurezza sul lavoro e formazione per le Aziende. Eroghiamo i nostri servizi in tutta Italia.\",\"potentialAction\":[{\"@type\":\"SearchAction\",\"target\":{\"@type\":\"EntryPoint\",\"urlTemplate\":\"https:\/\/www.cds-brescia.it\/?s={search_term_string}\"},\"query-input\":{\"@type\":\"PropertyValueSpecification\",\"valueRequired\":true,\"valueName\":\"search_term_string\"}}],\"inLanguage\":\"de\"}]}<\/script>\n<!-- \/ Yoast SEO plugin. -->","yoast_head_json":{"title":"Medicina del lavoro Brescia CDS Professionalit\u00e0","description":"Un team che unisce competenza, seriet\u00e0 ed equilibrio CDS si avvale di un team Medici Specializzati in Medicina del Lavoro, infermieri professionali e tecnic","robots":{"index":"index","follow":"follow","max-snippet":"max-snippet:-1","max-image-preview":"max-image-preview:large","max-video-preview":"max-video-preview:-1"},"canonical":"https:\/\/www.cds-brescia.it\/de\/visite-mediche-dipendenti\/professionisti\/","og_locale":"de_DE","og_type":"article","og_title":"Medicina del lavoro Brescia CDS Professionalit\u00e0","og_description":"Un team che unisce competenza, seriet\u00e0 ed equilibrio CDS si avvale di un team Medici Specializzati in Medicina del Lavoro, infermieri professionali e tecnic","og_url":"https:\/\/www.cds-brescia.it\/de\/visite-mediche-dipendenti\/professionisti\/","og_site_name":"CDS Brescia - Diagnostica strumentale","article_modified_time":"2015-05-22T07:35:33+00:00","twitter_misc":{"Gesch\u00e4tzte Lesezeit":"1\u00a0Minute"},"schema":{"@context":"https:\/\/schema.org","@graph":[{"@type":"WebPage","@id":"https:\/\/www.cds-brescia.it\/de\/visite-mediche-dipendenti\/professionisti\/","url":"https:\/\/www.cds-brescia.it\/de\/visite-mediche-dipendenti\/professionisti\/","name":"Medicina del lavoro Brescia CDS Professionalit\u00e0","isPartOf":{"@id":"https:\/\/www.cds-brescia.it\/#website"},"datePublished":"2014-12-04T15:15:24+00:00","dateModified":"2015-05-22T07:35:33+00:00","description":"Un team che unisce competenza, seriet\u00e0 ed equilibrio CDS si avvale di un team Medici Specializzati in Medicina del Lavoro, infermieri professionali e tecnic","breadcrumb":{"@id":"https:\/\/www.cds-brescia.it\/de\/visite-mediche-dipendenti\/professionisti\/#breadcrumb"},"inLanguage":"de","potentialAction":[{"@type":"ReadAction","target":["https:\/\/www.cds-brescia.it\/de\/visite-mediche-dipendenti\/professionisti\/"]}]},{"@type":"BreadcrumbList","@id":"https:\/\/www.cds-brescia.it\/de\/visite-mediche-dipendenti\/professionisti\/#breadcrumb","itemListElement":[{"@type":"ListItem","position":1,"name":"Home","item":"https:\/\/www.cds-brescia.it\/de\/"},{"@type":"ListItem","position":2,"name":"\u00dcber uns","item":"https:\/\/www.cds-brescia.it\/de\/visite-mediche-dipendenti\/"},{"@type":"ListItem","position":3,"name":"Professionalit\u00e4t"}]},{"@type":"WebSite","@id":"https:\/\/www.cds-brescia.it\/#website","url":"https:\/\/www.cds-brescia.it\/","name":"CDS Brescia - Diagnostica strumentale","description":"CDS Brescia fornisce servizi di medicina del lavoro, sicurezza sul lavoro e formazione per le Aziende. Eroghiamo i nostri servizi in tutta Italia.","potentialAction":[{"@type":"SearchAction","target":{"@type":"EntryPoint","urlTemplate":"https:\/\/www.cds-brescia.it\/?s={search_term_string}"},"query-input":{"@type":"PropertyValueSpecification","valueRequired":true,"valueName":"search_term_string"}}],"inLanguage":"de"}]}},"_links":{"self":[{"href":"https:\/\/www.cds-brescia.it\/de\/wp-json\/wp\/v2\/pages\/660","targetHints":{"allow":["GET"]}}],"collection":[{"href":"https:\/\/www.cds-brescia.it\/de\/wp-json\/wp\/v2\/pages"}],"about":[{"href":"https:\/\/www.cds-brescia.it\/de\/wp-json\/wp\/v2\/types\/page"}],"author":[{"embeddable":true,"href":"https:\/\/www.cds-brescia.it\/de\/wp-json\/wp\/v2\/users\/4"}],"replies":[{"embeddable":true,"href":"https:\/\/www.cds-brescia.it\/de\/wp-json\/wp\/v2\/comments?post=660"}],"version-history":[{"count":1,"href":"https:\/\/www.cds-brescia.it\/de\/wp-json\/wp\/v2\/pages\/660\/revisions"}],"predecessor-version":[{"id":666,"href":"https:\/\/www.cds-brescia.it\/de\/wp-json\/wp\/v2\/pages\/660\/revisions\/666"}],"up":[{"embeddable":true,"href":"https:\/\/www.cds-brescia.it\/de\/wp-json\/wp\/v2\/pages\/644"}],"wp:attachment":[{"href":"https:\/\/www.cds-brescia.it\/de\/wp-json\/wp\/v2\/media?parent=660"}],"curies":[{"name":"wp","href":"https:\/\/api.w.org\/{rel}","templated":true}]}}