{"id":662,"date":"2014-12-03T11:20:58","date_gmt":"2014-12-03T11:20:58","guid":{"rendered":"http:\/\/www.cds-brescia.it\/chi-siamo\/storia\/"},"modified":"2015-05-22T07:36:22","modified_gmt":"2015-05-22T07:36:22","slug":"storia","status":"publish","type":"page","link":"https:\/\/www.cds-brescia.it\/de\/visite-mediche-dipendenti\/storia\/","title":{"rendered":"Geschichte"},"content":{"rendered":"<p lang=\"de-DE\" align=\"LEFT\"><span style=\"font-size: large;\"><b>Entstanden aus fach\u00e4rztlicher Kompetenz<\/b><\/span><\/p>\n<p align=\"LEFT\"><span lang=\"de-DE\">CDS wurde 1992 in Brescia mit dem erkl\u00e4rten Ziel gegr\u00fcndet, <\/span><b><span lang=\"de-DE\">sich von anderen durch die Qualit\u00e4t der Leistungen<\/span><\/b><span lang=\"de-DE\"> im Bereich Arbeitsmedizin und Gesundheits\u00fcberwachung abzuheben. Wesentlich f\u00fcr die besondere Stellung der Gesellschaft ist die Tatsache, dass sie aus der Professionalit\u00e4t von Fach\u00e4rzten heraus geboren wurde, die entschlossen waren, eine <\/span><b><span lang=\"de-DE\">herausragende Einrichtung<\/span><\/b><span lang=\"de-DE\"> zu schaffen. Von jeher besteht also das wichtigste Ziel von CDS darin, bestm\u00f6gliche Leistungen bez\u00fcglich Pr\u00e4vention, Gesundheit und Sicherheit am Arbeitsplatz zu erbringen.<\/span><\/p>\n<p align=\"LEFT\"><b><span style=\"font-size: large;\"><span lang=\"de-DE\">Landesweites Ansehen und Wirken<\/span><\/span><\/b><\/p>\n<p align=\"LEFT\"><span lang=\"de-DE\">In den \u00fcber 20 Jahren ihrer T\u00e4tigkeit haben die Gr\u00fcndungsgesellschafter von CDS die Themen Sicherheit und Gesundheit am Arbeitsplatz best\u00e4ndig vorangetrieben und sich so Ansehen im ganzen Land geschaffen. Die Serviceleistungen wurden dahingehend weiterentwickelt, dass den Kunden, ob es sich dabei nun um private Betriebe oder um \u00f6ffentliche Verwaltungen handelt, geholfen wird, <\/span><b><span lang=\"de-DE\">nicht nur den gesetzlichen Verpflichtungen<\/span><\/b><span lang=\"de-DE\"> nachzukommen, sondern auch <\/span><b><span lang=\"de-DE\">eine echte Gesundheits- und Wohlf\u00fchlkultur<\/span><\/b><span lang=\"de-DE\"> anzuregen und zu f\u00f6rdern. Ein Investition, die dem Kunden konkrete Vorteile bringt: von der Verbesserung der Gesundheitspr\u00e4vention im Betrieb bis zu einem h\u00f6heren Zufriedenheitsgrad bei den Mitarbeitern. <\/span><\/p>\n<p lang=\"de-DE\" align=\"LEFT\"><span style=\"font-size: large;\"><b>Nachweislich anerkanntes Engagement<\/b><\/span><\/p>\n<p align=\"LEFT\"><span lang=\"de-DE\">CDS ist eine medizinische Gesellschaft mit Genehmigung des lokalen Gesundheitsdienstes <\/span><span lang=\"de-DE\"><i>ASL<\/i><\/span><span lang=\"de-DE\"> f\u00fcr die Erf\u00fcllung arbeitsmedizinischer Aufgaben, zertifiziert nach UNI EN ISO 9001 : 2008; dar\u00fcber hinaus ist CDS berechtigt, auf der Plattform Sintel der Region Lombardei t\u00e4tig zu werden. Dazu kommen erg\u00e4nzend synergetische Kooperationen mit den bedeutendsten italienischen Universit\u00e4ten und den Fachschulen (innerhalb der Hochschulen) f\u00fcr Arbeitsmedizin. Diese bew\u00e4hrten Synergien tragen aktiv dazu bei, einen hohen \u201ePr\u00e4ventions-, Sicherheits- und Qualit\u00e4tsstandard\u201c sicherzustellen, wie dies auch von der italienischen gesetzesvertretenden Verordnung Nr. 81 vom 15. Mai 2008 vorgesehen ist.<\/span><\/p>\n<p lang=\"de-DE\" align=\"LEFT\"><span style=\"font-size: large;\"><b>Methode und Organisation<\/b><\/span><\/p>\n<p align=\"LEFT\"><span lang=\"de-DE\">Das Arbeitsprogramm von CDS sieht systematische Kontrollen in regelm\u00e4\u00dfigen Zeitabst\u00e4nden (Audits) vor, die der Verbesserung der Betriebsf\u00fchrung im Hinblick auf die Einhaltung der Pr\u00e4ventions-, Sicherheits- und Umweltfaktoren dienen. Beim Audit wird auch darauf geachtet, die betrieblichen Kunden rechtzeitig \u00fcber alle Probleme in Kenntnis zu setzen, die sich auf gesetzlicher Ebene ergeben, und es ist CDS dabei ein wichtiges Anliegen, diese Probleme in der Praxis gemeinsam mit der Einrichtung\/dem Betrieb zu beheben, auch durch vorbeugende Ma\u00dfnahmen.<\/span><\/p>\n","protected":false},"excerpt":{"rendered":"<p>Entstanden aus fach\u00e4rztlicher Kompetenz CDS wurde 1992 in Brescia mit dem erkl\u00e4rten Ziel gegr\u00fcndet, sich von anderen durch die Qualit\u00e4t der Leistungen im Bereich Arbeitsmedizin und Gesundheits\u00fcberwachung abzuheben. Wesentlich f\u00fcr die besondere Stellung der Gesellschaft ist die Tatsache, dass sie aus der Professionalit\u00e4t von Fach\u00e4rzten heraus geboren wurde, die entschlossen waren, eine herausragende Einrichtung zu [&hellip;]<\/p>\n","protected":false},"author":4,"featured_media":0,"parent":644,"menu_order":0,"comment_status":"closed","ping_status":"closed","template":"template-contenuti.php","meta":{"_acf_changed":false,"footnotes":""},"class_list":["post-662","page","type-page","status-publish","hentry"],"acf":[],"yoast_head":"<!-- This site is optimized with the Yoast SEO plugin v26.2 - https:\/\/yoast.com\/wordpress\/plugins\/seo\/ -->\n<title>Medicina del lavoro. CDS. Brescia<\/title>\n<meta name=\"description\" content=\"Nata da competenza specialistica in Medicina del Lavoro CDS \u00e8 stata fondata nel 1992 a Brescia con l&#039; obiettivo di offrire un servizio altamente qualificato\" \/>\n<meta name=\"robots\" content=\"index, follow, max-snippet:-1, max-image-preview:large, max-video-preview:-1\" \/>\n<link rel=\"canonical\" href=\"https:\/\/www.cds-brescia.it\/de\/visite-mediche-dipendenti\/storia\/\" \/>\n<meta property=\"og:locale\" content=\"de_DE\" \/>\n<meta property=\"og:type\" content=\"article\" \/>\n<meta property=\"og:title\" content=\"Medicina del lavoro. CDS. Brescia\" \/>\n<meta property=\"og:description\" content=\"Nata da competenza specialistica in Medicina del Lavoro CDS \u00e8 stata fondata nel 1992 a Brescia con l&#039; obiettivo di offrire un servizio altamente qualificato\" \/>\n<meta property=\"og:url\" content=\"https:\/\/www.cds-brescia.it\/de\/visite-mediche-dipendenti\/storia\/\" \/>\n<meta property=\"og:site_name\" content=\"CDS Brescia - Diagnostica strumentale\" \/>\n<meta property=\"article:modified_time\" content=\"2015-05-22T07:36:22+00:00\" \/>\n<meta name=\"twitter:label1\" content=\"Gesch\u00e4tzte Lesezeit\" \/>\n\t<meta name=\"twitter:data1\" content=\"2\u00a0Minuten\" \/>\n<script type=\"application\/ld+json\" class=\"yoast-schema-graph\">{\"@context\":\"https:\/\/schema.org\",\"@graph\":[{\"@type\":\"WebPage\",\"@id\":\"https:\/\/www.cds-brescia.it\/de\/visite-mediche-dipendenti\/storia\/\",\"url\":\"https:\/\/www.cds-brescia.it\/de\/visite-mediche-dipendenti\/storia\/\",\"name\":\"Medicina del lavoro. CDS. Brescia\",\"isPartOf\":{\"@id\":\"https:\/\/www.cds-brescia.it\/#website\"},\"datePublished\":\"2014-12-03T11:20:58+00:00\",\"dateModified\":\"2015-05-22T07:36:22+00:00\",\"description\":\"Nata da competenza specialistica in Medicina del Lavoro CDS \u00e8 stata fondata nel 1992 a Brescia con l' obiettivo di offrire un servizio altamente qualificato\",\"breadcrumb\":{\"@id\":\"https:\/\/www.cds-brescia.it\/de\/visite-mediche-dipendenti\/storia\/#breadcrumb\"},\"inLanguage\":\"de\",\"potentialAction\":[{\"@type\":\"ReadAction\",\"target\":[\"https:\/\/www.cds-brescia.it\/de\/visite-mediche-dipendenti\/storia\/\"]}]},{\"@type\":\"BreadcrumbList\",\"@id\":\"https:\/\/www.cds-brescia.it\/de\/visite-mediche-dipendenti\/storia\/#breadcrumb\",\"itemListElement\":[{\"@type\":\"ListItem\",\"position\":1,\"name\":\"Home\",\"item\":\"https:\/\/www.cds-brescia.it\/de\/\"},{\"@type\":\"ListItem\",\"position\":2,\"name\":\"\u00dcber uns\",\"item\":\"https:\/\/www.cds-brescia.it\/de\/visite-mediche-dipendenti\/\"},{\"@type\":\"ListItem\",\"position\":3,\"name\":\"Geschichte\"}]},{\"@type\":\"WebSite\",\"@id\":\"https:\/\/www.cds-brescia.it\/#website\",\"url\":\"https:\/\/www.cds-brescia.it\/\",\"name\":\"CDS Brescia - Diagnostica strumentale\",\"description\":\"CDS Brescia fornisce servizi di medicina del lavoro, sicurezza sul lavoro e formazione per le Aziende. Eroghiamo i nostri servizi in tutta Italia.\",\"potentialAction\":[{\"@type\":\"SearchAction\",\"target\":{\"@type\":\"EntryPoint\",\"urlTemplate\":\"https:\/\/www.cds-brescia.it\/?s={search_term_string}\"},\"query-input\":{\"@type\":\"PropertyValueSpecification\",\"valueRequired\":true,\"valueName\":\"search_term_string\"}}],\"inLanguage\":\"de\"}]}<\/script>\n<!-- \/ Yoast SEO plugin. -->","yoast_head_json":{"title":"Medicina del lavoro. CDS. Brescia","description":"Nata da competenza specialistica in Medicina del Lavoro CDS \u00e8 stata fondata nel 1992 a Brescia con l' obiettivo di offrire un servizio altamente qualificato","robots":{"index":"index","follow":"follow","max-snippet":"max-snippet:-1","max-image-preview":"max-image-preview:large","max-video-preview":"max-video-preview:-1"},"canonical":"https:\/\/www.cds-brescia.it\/de\/visite-mediche-dipendenti\/storia\/","og_locale":"de_DE","og_type":"article","og_title":"Medicina del lavoro. CDS. Brescia","og_description":"Nata da competenza specialistica in Medicina del Lavoro CDS \u00e8 stata fondata nel 1992 a Brescia con l' obiettivo di offrire un servizio altamente qualificato","og_url":"https:\/\/www.cds-brescia.it\/de\/visite-mediche-dipendenti\/storia\/","og_site_name":"CDS Brescia - Diagnostica strumentale","article_modified_time":"2015-05-22T07:36:22+00:00","twitter_misc":{"Gesch\u00e4tzte Lesezeit":"2\u00a0Minuten"},"schema":{"@context":"https:\/\/schema.org","@graph":[{"@type":"WebPage","@id":"https:\/\/www.cds-brescia.it\/de\/visite-mediche-dipendenti\/storia\/","url":"https:\/\/www.cds-brescia.it\/de\/visite-mediche-dipendenti\/storia\/","name":"Medicina del lavoro. CDS. Brescia","isPartOf":{"@id":"https:\/\/www.cds-brescia.it\/#website"},"datePublished":"2014-12-03T11:20:58+00:00","dateModified":"2015-05-22T07:36:22+00:00","description":"Nata da competenza specialistica in Medicina del Lavoro CDS \u00e8 stata fondata nel 1992 a Brescia con l' obiettivo di offrire un servizio altamente qualificato","breadcrumb":{"@id":"https:\/\/www.cds-brescia.it\/de\/visite-mediche-dipendenti\/storia\/#breadcrumb"},"inLanguage":"de","potentialAction":[{"@type":"ReadAction","target":["https:\/\/www.cds-brescia.it\/de\/visite-mediche-dipendenti\/storia\/"]}]},{"@type":"BreadcrumbList","@id":"https:\/\/www.cds-brescia.it\/de\/visite-mediche-dipendenti\/storia\/#breadcrumb","itemListElement":[{"@type":"ListItem","position":1,"name":"Home","item":"https:\/\/www.cds-brescia.it\/de\/"},{"@type":"ListItem","position":2,"name":"\u00dcber uns","item":"https:\/\/www.cds-brescia.it\/de\/visite-mediche-dipendenti\/"},{"@type":"ListItem","position":3,"name":"Geschichte"}]},{"@type":"WebSite","@id":"https:\/\/www.cds-brescia.it\/#website","url":"https:\/\/www.cds-brescia.it\/","name":"CDS Brescia - Diagnostica strumentale","description":"CDS Brescia fornisce servizi di medicina del lavoro, sicurezza sul lavoro e formazione per le Aziende. Eroghiamo i nostri servizi in tutta Italia.","potentialAction":[{"@type":"SearchAction","target":{"@type":"EntryPoint","urlTemplate":"https:\/\/www.cds-brescia.it\/?s={search_term_string}"},"query-input":{"@type":"PropertyValueSpecification","valueRequired":true,"valueName":"search_term_string"}}],"inLanguage":"de"}]}},"_links":{"self":[{"href":"https:\/\/www.cds-brescia.it\/de\/wp-json\/wp\/v2\/pages\/662","targetHints":{"allow":["GET"]}}],"collection":[{"href":"https:\/\/www.cds-brescia.it\/de\/wp-json\/wp\/v2\/pages"}],"about":[{"href":"https:\/\/www.cds-brescia.it\/de\/wp-json\/wp\/v2\/types\/page"}],"author":[{"embeddable":true,"href":"https:\/\/www.cds-brescia.it\/de\/wp-json\/wp\/v2\/users\/4"}],"replies":[{"embeddable":true,"href":"https:\/\/www.cds-brescia.it\/de\/wp-json\/wp\/v2\/comments?post=662"}],"version-history":[{"count":2,"href":"https:\/\/www.cds-brescia.it\/de\/wp-json\/wp\/v2\/pages\/662\/revisions"}],"predecessor-version":[{"id":670,"href":"https:\/\/www.cds-brescia.it\/de\/wp-json\/wp\/v2\/pages\/662\/revisions\/670"}],"up":[{"embeddable":true,"href":"https:\/\/www.cds-brescia.it\/de\/wp-json\/wp\/v2\/pages\/644"}],"wp:attachment":[{"href":"https:\/\/www.cds-brescia.it\/de\/wp-json\/wp\/v2\/media?parent=662"}],"curies":[{"name":"wp","href":"https:\/\/api.w.org\/{rel}","templated":true}]}}