{"id":663,"date":"2014-12-04T15:16:25","date_gmt":"2014-12-04T15:16:25","guid":{"rendered":"http:\/\/www.cds-brescia.it\/chi-siamo\/struttura-sanitaria\/"},"modified":"2015-05-22T07:36:49","modified_gmt":"2015-05-22T07:36:49","slug":"struttura-sanitaria","status":"publish","type":"page","link":"https:\/\/www.cds-brescia.it\/de\/visite-mediche-dipendenti\/struttura-sanitaria\/","title":{"rendered":"Gesundheitsstruktur"},"content":{"rendered":"<p lang=\"de-DE\" align=\"LEFT\"><span style=\"font-size: large;\"><b>Wir kommen zu Ihnen \u2013 bequemer Vor-Ort-Service<\/b><\/span><\/p>\n<p align=\"LEFT\"><span lang=\"de-DE\">Damit der Zeitverlust im Zusammenhang mit An- und R\u00fcckfahrten der Arbeitnehmer und damit die Kosten, die dem Unternehmen f\u00fcr die Durchf\u00fchrung der Gesundheitskontrollen entstehen, so gering wie m\u00f6glich gehalten werden k\u00f6nnen, besteht die M\u00f6glichkeit, die Arztvisiten direkt im Betrieb stattfinden zu lassen.<\/span><\/p>\n<p align=\"LEFT\"><b><span style=\"font-size: large;\"><span lang=\"de-DE\">Mobile Einheiten \u2013 gut ausgestattet und \u00fcberall dort vor Ort, wo andere nicht hinkommen <\/span><\/span><\/b><\/p>\n<p align=\"LEFT\"><span lang=\"de-DE\">Sollte der Kunde nicht \u00fcber geeignete R\u00e4umlichkeiten zur Durchf\u00fchrung der \u00e4rztlichen Untersuchungen verf\u00fcgen, stellt CDS gut ausgestattete mobile Einheiten zur Verf\u00fcgung &#8211; richtige mobile Ambulanzen, die speziell f\u00fcr die arbeitsmedizinischen Erfordernisse geplant wurden, mit der M\u00f6glichkeit, allgemein\u00e4rztliche Untersuchungen sowie die entsprechenden, von den gesetzlichen Bestimmungen geforderten apparativen Untersuchungen durchzuf\u00fchren.<\/span><\/p>\n<p align=\"LEFT\"><b><span style=\"font-size: large;\"><span lang=\"de-DE\">Die Vorteile mehrerer Fachrichtungen unter einem Dach: \u00c4rzte- und Gesundheitszentrum<\/span><\/span><\/b><\/p>\n<p align=\"LEFT\"><span lang=\"de-DE\">Das <\/span><b><span lang=\"de-DE\">CDS<\/span><\/b><span lang=\"de-DE\"> &#8211; \u00c4rzte- und Gesundheitszentrum <\/span><b><span lang=\"de-DE\"><i>Centro Sanitario Polispecialistico<\/i><\/span><\/b><span lang=\"de-DE\"> in der Via Aldo Moro 12 in Brescia ist eigens eingerichtet und organisiert f\u00fcr die Durchf\u00fchrung fach\u00e4rztlicher Visiten im Bereich der Arbeitsmedizin, privat\u00e4rztlicher Visiten in etlichen Fachrichtungen und apparativer Untersuchungen jeder Art. Das \u00c4rztehaus umfasst zahlreiche Behandlungsr\u00e4ume f\u00fcr allgemein\u00e4rztliche Untersuchungen, R\u00e4ume f\u00fcr die Durchf\u00fchrung von Audiometrien mit Otoskopie in EG-zertifizierter schalldichter Kabine, R\u00e4umlichkeiten f\u00fcr die Herzdiagnostik sowie eine Augenarztpraxis.<\/span><\/p>\n","protected":false},"excerpt":{"rendered":"<p>Wir kommen zu Ihnen \u2013 bequemer Vor-Ort-Service Damit der Zeitverlust im Zusammenhang mit An- und R\u00fcckfahrten der Arbeitnehmer und damit die Kosten, die dem Unternehmen f\u00fcr die Durchf\u00fchrung der Gesundheitskontrollen entstehen, so gering wie m\u00f6glich gehalten werden k\u00f6nnen, besteht die M\u00f6glichkeit, die Arztvisiten direkt im Betrieb stattfinden zu lassen. Mobile Einheiten \u2013 gut ausgestattet und [&hellip;]<\/p>\n","protected":false},"author":4,"featured_media":0,"parent":644,"menu_order":0,"comment_status":"closed","ping_status":"closed","template":"template-contenuti.php","meta":{"_acf_changed":false,"footnotes":""},"class_list":["post-663","page","type-page","status-publish","hentry"],"acf":[],"yoast_head":"<!-- This site is optimized with the Yoast SEO plugin v26.2 - https:\/\/yoast.com\/wordpress\/plugins\/seo\/ -->\n<title>Visite lavoratori CDS Brescia<\/title>\n<meta name=\"description\" content=\"Massima comodit\u00e0 con il servizio visite in azienda Con l\u2019obiettivo di ridurre al minimo i tempi di spostamento dei lavoratori, e quindi i costi che l\u2019impres\" \/>\n<meta name=\"robots\" content=\"index, follow, max-snippet:-1, max-image-preview:large, max-video-preview:-1\" \/>\n<link rel=\"canonical\" href=\"https:\/\/www.cds-brescia.it\/de\/visite-mediche-dipendenti\/struttura-sanitaria\/\" \/>\n<meta property=\"og:locale\" content=\"de_DE\" \/>\n<meta property=\"og:type\" content=\"article\" \/>\n<meta property=\"og:title\" content=\"Visite lavoratori CDS Brescia\" \/>\n<meta property=\"og:description\" content=\"Massima comodit\u00e0 con il servizio visite in azienda Con l\u2019obiettivo di ridurre al minimo i tempi di spostamento dei lavoratori, e quindi i costi che l\u2019impres\" \/>\n<meta property=\"og:url\" content=\"https:\/\/www.cds-brescia.it\/de\/visite-mediche-dipendenti\/struttura-sanitaria\/\" \/>\n<meta property=\"og:site_name\" content=\"CDS Brescia - Diagnostica strumentale\" \/>\n<meta property=\"article:modified_time\" content=\"2015-05-22T07:36:49+00:00\" \/>\n<meta name=\"twitter:label1\" content=\"Gesch\u00e4tzte Lesezeit\" \/>\n\t<meta name=\"twitter:data1\" content=\"1\u00a0Minute\" \/>\n<script type=\"application\/ld+json\" class=\"yoast-schema-graph\">{\"@context\":\"https:\/\/schema.org\",\"@graph\":[{\"@type\":\"WebPage\",\"@id\":\"https:\/\/www.cds-brescia.it\/de\/visite-mediche-dipendenti\/struttura-sanitaria\/\",\"url\":\"https:\/\/www.cds-brescia.it\/de\/visite-mediche-dipendenti\/struttura-sanitaria\/\",\"name\":\"Visite lavoratori CDS Brescia\",\"isPartOf\":{\"@id\":\"https:\/\/www.cds-brescia.it\/#website\"},\"datePublished\":\"2014-12-04T15:16:25+00:00\",\"dateModified\":\"2015-05-22T07:36:49+00:00\",\"description\":\"Massima comodit\u00e0 con il servizio visite in azienda Con l\u2019obiettivo di ridurre al minimo i tempi di spostamento dei lavoratori, e quindi i costi che l\u2019impres\",\"breadcrumb\":{\"@id\":\"https:\/\/www.cds-brescia.it\/de\/visite-mediche-dipendenti\/struttura-sanitaria\/#breadcrumb\"},\"inLanguage\":\"de\",\"potentialAction\":[{\"@type\":\"ReadAction\",\"target\":[\"https:\/\/www.cds-brescia.it\/de\/visite-mediche-dipendenti\/struttura-sanitaria\/\"]}]},{\"@type\":\"BreadcrumbList\",\"@id\":\"https:\/\/www.cds-brescia.it\/de\/visite-mediche-dipendenti\/struttura-sanitaria\/#breadcrumb\",\"itemListElement\":[{\"@type\":\"ListItem\",\"position\":1,\"name\":\"Home\",\"item\":\"https:\/\/www.cds-brescia.it\/de\/\"},{\"@type\":\"ListItem\",\"position\":2,\"name\":\"\u00dcber uns\",\"item\":\"https:\/\/www.cds-brescia.it\/de\/visite-mediche-dipendenti\/\"},{\"@type\":\"ListItem\",\"position\":3,\"name\":\"Gesundheitsstruktur\"}]},{\"@type\":\"WebSite\",\"@id\":\"https:\/\/www.cds-brescia.it\/#website\",\"url\":\"https:\/\/www.cds-brescia.it\/\",\"name\":\"CDS Brescia - Diagnostica strumentale\",\"description\":\"CDS Brescia fornisce servizi di medicina del lavoro, sicurezza sul lavoro e formazione per le Aziende. Eroghiamo i nostri servizi in tutta Italia.\",\"potentialAction\":[{\"@type\":\"SearchAction\",\"target\":{\"@type\":\"EntryPoint\",\"urlTemplate\":\"https:\/\/www.cds-brescia.it\/?s={search_term_string}\"},\"query-input\":{\"@type\":\"PropertyValueSpecification\",\"valueRequired\":true,\"valueName\":\"search_term_string\"}}],\"inLanguage\":\"de\"}]}<\/script>\n<!-- \/ Yoast SEO plugin. -->","yoast_head_json":{"title":"Visite lavoratori CDS Brescia","description":"Massima comodit\u00e0 con il servizio visite in azienda Con l\u2019obiettivo di ridurre al minimo i tempi di spostamento dei lavoratori, e quindi i costi che l\u2019impres","robots":{"index":"index","follow":"follow","max-snippet":"max-snippet:-1","max-image-preview":"max-image-preview:large","max-video-preview":"max-video-preview:-1"},"canonical":"https:\/\/www.cds-brescia.it\/de\/visite-mediche-dipendenti\/struttura-sanitaria\/","og_locale":"de_DE","og_type":"article","og_title":"Visite lavoratori CDS Brescia","og_description":"Massima comodit\u00e0 con il servizio visite in azienda Con l\u2019obiettivo di ridurre al minimo i tempi di spostamento dei lavoratori, e quindi i costi che l\u2019impres","og_url":"https:\/\/www.cds-brescia.it\/de\/visite-mediche-dipendenti\/struttura-sanitaria\/","og_site_name":"CDS Brescia - Diagnostica strumentale","article_modified_time":"2015-05-22T07:36:49+00:00","twitter_misc":{"Gesch\u00e4tzte Lesezeit":"1\u00a0Minute"},"schema":{"@context":"https:\/\/schema.org","@graph":[{"@type":"WebPage","@id":"https:\/\/www.cds-brescia.it\/de\/visite-mediche-dipendenti\/struttura-sanitaria\/","url":"https:\/\/www.cds-brescia.it\/de\/visite-mediche-dipendenti\/struttura-sanitaria\/","name":"Visite lavoratori CDS Brescia","isPartOf":{"@id":"https:\/\/www.cds-brescia.it\/#website"},"datePublished":"2014-12-04T15:16:25+00:00","dateModified":"2015-05-22T07:36:49+00:00","description":"Massima comodit\u00e0 con il servizio visite in azienda Con l\u2019obiettivo di ridurre al minimo i tempi di spostamento dei lavoratori, e quindi i costi che l\u2019impres","breadcrumb":{"@id":"https:\/\/www.cds-brescia.it\/de\/visite-mediche-dipendenti\/struttura-sanitaria\/#breadcrumb"},"inLanguage":"de","potentialAction":[{"@type":"ReadAction","target":["https:\/\/www.cds-brescia.it\/de\/visite-mediche-dipendenti\/struttura-sanitaria\/"]}]},{"@type":"BreadcrumbList","@id":"https:\/\/www.cds-brescia.it\/de\/visite-mediche-dipendenti\/struttura-sanitaria\/#breadcrumb","itemListElement":[{"@type":"ListItem","position":1,"name":"Home","item":"https:\/\/www.cds-brescia.it\/de\/"},{"@type":"ListItem","position":2,"name":"\u00dcber uns","item":"https:\/\/www.cds-brescia.it\/de\/visite-mediche-dipendenti\/"},{"@type":"ListItem","position":3,"name":"Gesundheitsstruktur"}]},{"@type":"WebSite","@id":"https:\/\/www.cds-brescia.it\/#website","url":"https:\/\/www.cds-brescia.it\/","name":"CDS Brescia - Diagnostica strumentale","description":"CDS Brescia fornisce servizi di medicina del lavoro, sicurezza sul lavoro e formazione per le Aziende. Eroghiamo i nostri servizi in tutta Italia.","potentialAction":[{"@type":"SearchAction","target":{"@type":"EntryPoint","urlTemplate":"https:\/\/www.cds-brescia.it\/?s={search_term_string}"},"query-input":{"@type":"PropertyValueSpecification","valueRequired":true,"valueName":"search_term_string"}}],"inLanguage":"de"}]}},"_links":{"self":[{"href":"https:\/\/www.cds-brescia.it\/de\/wp-json\/wp\/v2\/pages\/663","targetHints":{"allow":["GET"]}}],"collection":[{"href":"https:\/\/www.cds-brescia.it\/de\/wp-json\/wp\/v2\/pages"}],"about":[{"href":"https:\/\/www.cds-brescia.it\/de\/wp-json\/wp\/v2\/types\/page"}],"author":[{"embeddable":true,"href":"https:\/\/www.cds-brescia.it\/de\/wp-json\/wp\/v2\/users\/4"}],"replies":[{"embeddable":true,"href":"https:\/\/www.cds-brescia.it\/de\/wp-json\/wp\/v2\/comments?post=663"}],"version-history":[{"count":2,"href":"https:\/\/www.cds-brescia.it\/de\/wp-json\/wp\/v2\/pages\/663\/revisions"}],"predecessor-version":[{"id":672,"href":"https:\/\/www.cds-brescia.it\/de\/wp-json\/wp\/v2\/pages\/663\/revisions\/672"}],"up":[{"embeddable":true,"href":"https:\/\/www.cds-brescia.it\/de\/wp-json\/wp\/v2\/pages\/644"}],"wp:attachment":[{"href":"https:\/\/www.cds-brescia.it\/de\/wp-json\/wp\/v2\/media?parent=663"}],"curies":[{"name":"wp","href":"https:\/\/api.w.org\/{rel}","templated":true}]}}