{"id":673,"date":"2014-12-05T14:55:17","date_gmt":"2014-12-05T14:55:17","guid":{"rendered":"http:\/\/www.cds-brescia.it\/contatti\/dove-siamo\/"},"modified":"2015-05-22T07:58:57","modified_gmt":"2015-05-22T07:58:57","slug":"dove-siamo","status":"publish","type":"page","link":"https:\/\/www.cds-brescia.it\/de\/contatti\/dove-siamo\/","title":{"rendered":"Wo Sie uns finden"},"content":{"rendered":"<p><strong>WIE SIE UNS ERREICHEN<\/strong><br \/>\nCDS befindet sich in Brescia, Via Aldo Moro 12 (Brescia Due).<br \/>\nDas CDS &#8211; Gesundheits- und \u00c4rztezentrum <em>poliambulatorio<\/em> ist vollkommen barrierefrei und daher auch f\u00fcr Menschen mit Behinderung gut erreichbar.<\/p>\n<p>So einfach erreichen Sie uns:<br \/>\n<strong>MIT DEM AUTO:<\/strong><br \/>\n\u2013 <strong>\u00dcber die Autobahn Mailand-Venedig:<\/strong> Ausfahrt Brescia West, Umgehungsstra\u00dfe in Richtung Gardasee nehmen, Ausfahrt Brescia Stadtmitte, rechts abbiegen und dann bei der zweiten Ampel links abbiegen (via Lamarmora).<br \/>\n\u2013 <strong>\u00dcber die Autobahn Piacenza-Brescia:<\/strong> Ausfahrt Brescia Stadtmitte, im Kreisverkehr links abbiegen. Dann an der Ampel immer geradeaus und im Kreisverkehr links abbiegen (Via Lamarmora).<br \/>\n\u2013 <strong>\u00dcber die Umgehungsstra\u00dfe S\u00fcd:<\/strong> Ausfahrt Brescia Stadtmitte, rechts abbiegen, dann bei der zweiten Ampel links abbiegen (via Lamarmora).<br \/>\n\u2013 <strong>Von der Stadtmitte aus:<\/strong> \u00fcber die Kennedy-\u00dcberf\u00fchrung in Richtung S\u00fcden, auf der R\u00fcckseite des Cristal Palace.<\/p>\n<p><strong>MIT DER BAHN:<\/strong><br \/>\nHauptbahnhof Brescia, Unterf\u00fchrung Via Sostegno, 400 Meter nach S\u00fcden, auf der R\u00fcckseite des Cristal Palace.<\/p>\n<p><strong>MIT DEN \u00d6FFENTLICHEN VERKEHRSMITTELN:<br \/>\nBus<\/strong> Linien 2, 13 und 15 (Haltestelle in der Via Cipro).<br \/>\n<strong>U-Bahn<\/strong> Haltestelle Bresciadue oder Lamarmora.<\/p>\n<p><strong>PARKPL\u00c4TZE:<\/strong><br \/>\nEs gibt verschiedene Parkm\u00f6glichkeiten &#8211; vor CDS SRL stehen sowohl kostenlose als auch kostenpflichtige Parkpl\u00e4tze zur Verf\u00fcgung (montags bis freitags, 9.00 Uhr-13.00 Uhr; 14.30 Uhr-19.30 Uhr); dar\u00fcber hinaus kann der gro\u00dfe kostenlose Parkplatz am Ende der Via Bettinzoli genutzt werden.<\/p>\n","protected":false},"excerpt":{"rendered":"<p>WIE SIE UNS ERREICHEN CDS befindet sich in Brescia, Via Aldo Moro 12 (Brescia Due). Das CDS &#8211; Gesundheits- und \u00c4rztezentrum poliambulatorio ist vollkommen barrierefrei und daher auch f\u00fcr Menschen mit Behinderung gut erreichbar. So einfach erreichen Sie uns: MIT DEM AUTO: \u2013 \u00dcber die Autobahn Mailand-Venedig: Ausfahrt Brescia West, Umgehungsstra\u00dfe in Richtung Gardasee nehmen, [&hellip;]<\/p>\n","protected":false},"author":4,"featured_media":0,"parent":643,"menu_order":0,"comment_status":"closed","ping_status":"closed","template":"template-contenuti.php","meta":{"_acf_changed":false,"footnotes":""},"class_list":["post-673","page","type-page","status-publish","hentry"],"acf":[],"yoast_head":"<!-- This site is optimized with the Yoast SEO plugin v26.2 - https:\/\/yoast.com\/wordpress\/plugins\/seo\/ -->\n<title>Visite mediche dipendenti CDS Brescia<\/title>\n<meta name=\"description\" content=\"Per le visite mediche dei tuoi dipendenti siamo a Brescia Via Aldo Moro, 12 tel 0302429612\" \/>\n<meta name=\"robots\" content=\"index, follow, max-snippet:-1, max-image-preview:large, max-video-preview:-1\" \/>\n<link rel=\"canonical\" href=\"https:\/\/www.cds-brescia.it\/de\/contatti\/dove-siamo\/\" \/>\n<meta property=\"og:locale\" content=\"de_DE\" \/>\n<meta property=\"og:type\" content=\"article\" \/>\n<meta property=\"og:title\" content=\"Visite mediche dipendenti CDS Brescia\" \/>\n<meta property=\"og:description\" content=\"Per le visite mediche dei tuoi dipendenti siamo a Brescia Via Aldo Moro, 12 tel 0302429612\" \/>\n<meta property=\"og:url\" content=\"https:\/\/www.cds-brescia.it\/de\/contatti\/dove-siamo\/\" \/>\n<meta property=\"og:site_name\" content=\"CDS Brescia - Diagnostica strumentale\" \/>\n<meta property=\"article:modified_time\" content=\"2015-05-22T07:58:57+00:00\" \/>\n<meta name=\"twitter:label1\" content=\"Gesch\u00e4tzte Lesezeit\" \/>\n\t<meta name=\"twitter:data1\" content=\"1\u00a0Minute\" \/>\n<script type=\"application\/ld+json\" class=\"yoast-schema-graph\">{\"@context\":\"https:\/\/schema.org\",\"@graph\":[{\"@type\":\"WebPage\",\"@id\":\"https:\/\/www.cds-brescia.it\/de\/contatti\/dove-siamo\/\",\"url\":\"https:\/\/www.cds-brescia.it\/de\/contatti\/dove-siamo\/\",\"name\":\"Visite mediche dipendenti CDS Brescia\",\"isPartOf\":{\"@id\":\"https:\/\/www.cds-brescia.it\/#website\"},\"datePublished\":\"2014-12-05T14:55:17+00:00\",\"dateModified\":\"2015-05-22T07:58:57+00:00\",\"description\":\"Per le visite mediche dei tuoi dipendenti siamo a Brescia Via Aldo Moro, 12 tel 0302429612\",\"breadcrumb\":{\"@id\":\"https:\/\/www.cds-brescia.it\/de\/contatti\/dove-siamo\/#breadcrumb\"},\"inLanguage\":\"de\",\"potentialAction\":[{\"@type\":\"ReadAction\",\"target\":[\"https:\/\/www.cds-brescia.it\/de\/contatti\/dove-siamo\/\"]}]},{\"@type\":\"BreadcrumbList\",\"@id\":\"https:\/\/www.cds-brescia.it\/de\/contatti\/dove-siamo\/#breadcrumb\",\"itemListElement\":[{\"@type\":\"ListItem\",\"position\":1,\"name\":\"Home\",\"item\":\"https:\/\/www.cds-brescia.it\/de\/\"},{\"@type\":\"ListItem\",\"position\":2,\"name\":\"Kontakte\",\"item\":\"https:\/\/www.cds-brescia.it\/de\/contatti\/\"},{\"@type\":\"ListItem\",\"position\":3,\"name\":\"Wo Sie uns finden\"}]},{\"@type\":\"WebSite\",\"@id\":\"https:\/\/www.cds-brescia.it\/#website\",\"url\":\"https:\/\/www.cds-brescia.it\/\",\"name\":\"CDS Brescia - Diagnostica strumentale\",\"description\":\"CDS Brescia fornisce servizi di medicina del lavoro, sicurezza sul lavoro e formazione per le Aziende. Eroghiamo i nostri servizi in tutta Italia.\",\"potentialAction\":[{\"@type\":\"SearchAction\",\"target\":{\"@type\":\"EntryPoint\",\"urlTemplate\":\"https:\/\/www.cds-brescia.it\/?s={search_term_string}\"},\"query-input\":{\"@type\":\"PropertyValueSpecification\",\"valueRequired\":true,\"valueName\":\"search_term_string\"}}],\"inLanguage\":\"de\"}]}<\/script>\n<!-- \/ Yoast SEO plugin. -->","yoast_head_json":{"title":"Visite mediche dipendenti CDS Brescia","description":"Per le visite mediche dei tuoi dipendenti siamo a Brescia Via Aldo Moro, 12 tel 0302429612","robots":{"index":"index","follow":"follow","max-snippet":"max-snippet:-1","max-image-preview":"max-image-preview:large","max-video-preview":"max-video-preview:-1"},"canonical":"https:\/\/www.cds-brescia.it\/de\/contatti\/dove-siamo\/","og_locale":"de_DE","og_type":"article","og_title":"Visite mediche dipendenti CDS Brescia","og_description":"Per le visite mediche dei tuoi dipendenti siamo a Brescia Via Aldo Moro, 12 tel 0302429612","og_url":"https:\/\/www.cds-brescia.it\/de\/contatti\/dove-siamo\/","og_site_name":"CDS Brescia - Diagnostica strumentale","article_modified_time":"2015-05-22T07:58:57+00:00","twitter_misc":{"Gesch\u00e4tzte Lesezeit":"1\u00a0Minute"},"schema":{"@context":"https:\/\/schema.org","@graph":[{"@type":"WebPage","@id":"https:\/\/www.cds-brescia.it\/de\/contatti\/dove-siamo\/","url":"https:\/\/www.cds-brescia.it\/de\/contatti\/dove-siamo\/","name":"Visite mediche dipendenti CDS Brescia","isPartOf":{"@id":"https:\/\/www.cds-brescia.it\/#website"},"datePublished":"2014-12-05T14:55:17+00:00","dateModified":"2015-05-22T07:58:57+00:00","description":"Per le visite mediche dei tuoi dipendenti siamo a Brescia Via Aldo Moro, 12 tel 0302429612","breadcrumb":{"@id":"https:\/\/www.cds-brescia.it\/de\/contatti\/dove-siamo\/#breadcrumb"},"inLanguage":"de","potentialAction":[{"@type":"ReadAction","target":["https:\/\/www.cds-brescia.it\/de\/contatti\/dove-siamo\/"]}]},{"@type":"BreadcrumbList","@id":"https:\/\/www.cds-brescia.it\/de\/contatti\/dove-siamo\/#breadcrumb","itemListElement":[{"@type":"ListItem","position":1,"name":"Home","item":"https:\/\/www.cds-brescia.it\/de\/"},{"@type":"ListItem","position":2,"name":"Kontakte","item":"https:\/\/www.cds-brescia.it\/de\/contatti\/"},{"@type":"ListItem","position":3,"name":"Wo Sie uns finden"}]},{"@type":"WebSite","@id":"https:\/\/www.cds-brescia.it\/#website","url":"https:\/\/www.cds-brescia.it\/","name":"CDS Brescia - Diagnostica strumentale","description":"CDS Brescia fornisce servizi di medicina del lavoro, sicurezza sul lavoro e formazione per le Aziende. Eroghiamo i nostri servizi in tutta Italia.","potentialAction":[{"@type":"SearchAction","target":{"@type":"EntryPoint","urlTemplate":"https:\/\/www.cds-brescia.it\/?s={search_term_string}"},"query-input":{"@type":"PropertyValueSpecification","valueRequired":true,"valueName":"search_term_string"}}],"inLanguage":"de"}]}},"_links":{"self":[{"href":"https:\/\/www.cds-brescia.it\/de\/wp-json\/wp\/v2\/pages\/673","targetHints":{"allow":["GET"]}}],"collection":[{"href":"https:\/\/www.cds-brescia.it\/de\/wp-json\/wp\/v2\/pages"}],"about":[{"href":"https:\/\/www.cds-brescia.it\/de\/wp-json\/wp\/v2\/types\/page"}],"author":[{"embeddable":true,"href":"https:\/\/www.cds-brescia.it\/de\/wp-json\/wp\/v2\/users\/4"}],"replies":[{"embeddable":true,"href":"https:\/\/www.cds-brescia.it\/de\/wp-json\/wp\/v2\/comments?post=673"}],"version-history":[{"count":2,"href":"https:\/\/www.cds-brescia.it\/de\/wp-json\/wp\/v2\/pages\/673\/revisions"}],"predecessor-version":[{"id":681,"href":"https:\/\/www.cds-brescia.it\/de\/wp-json\/wp\/v2\/pages\/673\/revisions\/681"}],"up":[{"embeddable":true,"href":"https:\/\/www.cds-brescia.it\/de\/wp-json\/wp\/v2\/pages\/643"}],"wp:attachment":[{"href":"https:\/\/www.cds-brescia.it\/de\/wp-json\/wp\/v2\/media?parent=673"}],"curies":[{"name":"wp","href":"https:\/\/api.w.org\/{rel}","templated":true}]}}