{"id":674,"date":"2014-12-05T14:47:50","date_gmt":"2014-12-05T14:47:50","guid":{"rendered":"http:\/\/www.cds-brescia.it\/contatti\/recapiti-e-orari\/"},"modified":"2015-05-22T07:54:18","modified_gmt":"2015-05-22T07:54:18","slug":"recapiti-e-orari","status":"publish","type":"page","link":"https:\/\/www.cds-brescia.it\/de\/contatti\/recapiti-e-orari\/","title":{"rendered":"Anschrift, Telefonnummern und \u00d6ffnungszeiten"},"content":{"rendered":"<p><strong>CDS s.r.l. Diagnostica Strumentale<\/strong><br \/>\nVia Aldo Moro, 12 \u2013 25124 BRESCIA<\/p>\n<p><strong>Verwaltung:<\/strong><br \/>\nTel. 030 2429612030 2429612<br \/>\nFax 030 225272<\/p>\n<p><strong>Sekretariat f\u00fcr Arbeitsmedizin:<\/strong><br \/>\nTel. 030 2420213 \u2013 030 2452661<br \/>\nFax. 030 2475315 \u2013 030 2426365<\/p>\n<p><strong>Gesundheits- und \u00c4rztezentrum <em>Poliambulatorio<\/em>:<\/strong><br \/>\nTel. 030 2426355030 2426355<br \/>\nFax 030 2426365<\/p>\n<p><strong>E-mail:<\/strong><br \/>\n<a href=\"mailto:info@cds-brescia.it\">info@cds-brescia.it<\/a><br \/>\n<a href=\"mailto:amministrazione@cds-brescia.it\">amministrazione@cds-brescia.it<\/a><br \/>\n<a href=\"mailto:commerciale@cds-brescia.it\">commerciale@cds-brescia.it<\/a><\/div><\/div><\/p>\n<p>&nbsp;<\/p>\n<p><strong>Das CDS srl &#8211; \u00c4rztezentrum ist t\u00e4glich ge\u00f6ffnet wie folgt:<\/strong><br \/>\nMontag bis Freitag von 8.30 Uhr bis 12.30 Uhr und von 14.30 Uhr bis 19.30 Uhr<br \/>\nSamstag von 8.30 Uhr bis 12.00 Uhr<\/p>\n","protected":false},"excerpt":{"rendered":"<p>CDS s.r.l. Diagnostica Strumentale Via Aldo Moro, 12 \u2013 25124 BRESCIA Verwaltung: Tel. 030 2429612030 2429612 Fax 030 225272 Sekretariat f\u00fcr Arbeitsmedizin: Tel. 030 2420213 \u2013 030 2452661 Fax. 030 2475315 \u2013 030 2426365 Gesundheits- und \u00c4rztezentrum Poliambulatorio: Tel. 030 2426355030 2426355 Fax 030 2426365 E-mail: info@cds-brescia.it amministrazione@cds-brescia.it commerciale@cds-brescia.it &nbsp; Das CDS srl &#8211; \u00c4rztezentrum [&hellip;]<\/p>\n","protected":false},"author":4,"featured_media":0,"parent":643,"menu_order":0,"comment_status":"closed","ping_status":"closed","template":"template-contenuti.php","meta":{"_acf_changed":false,"footnotes":""},"class_list":["post-674","page","type-page","status-publish","hentry"],"acf":[],"yoast_head":"<!-- This site is optimized with the Yoast SEO plugin v26.2 - https:\/\/yoast.com\/wordpress\/plugins\/seo\/ -->\n<title>Anschrift, Telefonnummern und \u00d6ffnungszeiten - CDS Brescia - Diagnostica strumentale<\/title>\n<meta name=\"robots\" content=\"index, follow, max-snippet:-1, max-image-preview:large, max-video-preview:-1\" \/>\n<link rel=\"canonical\" href=\"https:\/\/www.cds-brescia.it\/de\/contatti\/recapiti-e-orari\/\" \/>\n<meta property=\"og:locale\" content=\"de_DE\" \/>\n<meta property=\"og:type\" content=\"article\" \/>\n<meta property=\"og:title\" content=\"Anschrift, Telefonnummern und \u00d6ffnungszeiten - CDS Brescia - Diagnostica strumentale\" \/>\n<meta property=\"og:description\" content=\"CDS s.r.l. Diagnostica Strumentale Via Aldo Moro, 12 \u2013 25124 BRESCIA Verwaltung: Tel. 030 2429612030 2429612 Fax 030 225272 Sekretariat f\u00fcr Arbeitsmedizin: Tel. 030 2420213 \u2013 030 2452661 Fax. 030 2475315 \u2013 030 2426365 Gesundheits- und \u00c4rztezentrum Poliambulatorio: Tel. 030 2426355030 2426355 Fax 030 2426365 E-mail: info@cds-brescia.it amministrazione@cds-brescia.it commerciale@cds-brescia.it &nbsp; Das CDS srl &#8211; \u00c4rztezentrum [&hellip;]\" \/>\n<meta property=\"og:url\" content=\"https:\/\/www.cds-brescia.it\/de\/contatti\/recapiti-e-orari\/\" \/>\n<meta property=\"og:site_name\" content=\"CDS Brescia - Diagnostica strumentale\" \/>\n<meta property=\"article:modified_time\" content=\"2015-05-22T07:54:18+00:00\" \/>\n<script type=\"application\/ld+json\" class=\"yoast-schema-graph\">{\"@context\":\"https:\/\/schema.org\",\"@graph\":[{\"@type\":\"WebPage\",\"@id\":\"https:\/\/www.cds-brescia.it\/de\/contatti\/recapiti-e-orari\/\",\"url\":\"https:\/\/www.cds-brescia.it\/de\/contatti\/recapiti-e-orari\/\",\"name\":\"Anschrift, Telefonnummern und \u00d6ffnungszeiten - CDS Brescia - Diagnostica strumentale\",\"isPartOf\":{\"@id\":\"https:\/\/www.cds-brescia.it\/#website\"},\"datePublished\":\"2014-12-05T14:47:50+00:00\",\"dateModified\":\"2015-05-22T07:54:18+00:00\",\"breadcrumb\":{\"@id\":\"https:\/\/www.cds-brescia.it\/de\/contatti\/recapiti-e-orari\/#breadcrumb\"},\"inLanguage\":\"de\",\"potentialAction\":[{\"@type\":\"ReadAction\",\"target\":[\"https:\/\/www.cds-brescia.it\/de\/contatti\/recapiti-e-orari\/\"]}]},{\"@type\":\"BreadcrumbList\",\"@id\":\"https:\/\/www.cds-brescia.it\/de\/contatti\/recapiti-e-orari\/#breadcrumb\",\"itemListElement\":[{\"@type\":\"ListItem\",\"position\":1,\"name\":\"Home\",\"item\":\"https:\/\/www.cds-brescia.it\/de\/\"},{\"@type\":\"ListItem\",\"position\":2,\"name\":\"Kontakte\",\"item\":\"https:\/\/www.cds-brescia.it\/de\/contatti\/\"},{\"@type\":\"ListItem\",\"position\":3,\"name\":\"Anschrift, Telefonnummern und \u00d6ffnungszeiten\"}]},{\"@type\":\"WebSite\",\"@id\":\"https:\/\/www.cds-brescia.it\/#website\",\"url\":\"https:\/\/www.cds-brescia.it\/\",\"name\":\"CDS Brescia - Diagnostica strumentale\",\"description\":\"CDS Brescia fornisce servizi di medicina del lavoro, sicurezza sul lavoro e formazione per le Aziende. Eroghiamo i nostri servizi in tutta Italia.\",\"potentialAction\":[{\"@type\":\"SearchAction\",\"target\":{\"@type\":\"EntryPoint\",\"urlTemplate\":\"https:\/\/www.cds-brescia.it\/?s={search_term_string}\"},\"query-input\":{\"@type\":\"PropertyValueSpecification\",\"valueRequired\":true,\"valueName\":\"search_term_string\"}}],\"inLanguage\":\"de\"}]}<\/script>\n<!-- \/ Yoast SEO plugin. -->","yoast_head_json":{"title":"Anschrift, Telefonnummern und \u00d6ffnungszeiten - CDS Brescia - Diagnostica strumentale","robots":{"index":"index","follow":"follow","max-snippet":"max-snippet:-1","max-image-preview":"max-image-preview:large","max-video-preview":"max-video-preview:-1"},"canonical":"https:\/\/www.cds-brescia.it\/de\/contatti\/recapiti-e-orari\/","og_locale":"de_DE","og_type":"article","og_title":"Anschrift, Telefonnummern und \u00d6ffnungszeiten - CDS Brescia - Diagnostica strumentale","og_description":"CDS s.r.l. Diagnostica Strumentale Via Aldo Moro, 12 \u2013 25124 BRESCIA Verwaltung: Tel. 030 2429612030 2429612 Fax 030 225272 Sekretariat f\u00fcr Arbeitsmedizin: Tel. 030 2420213 \u2013 030 2452661 Fax. 030 2475315 \u2013 030 2426365 Gesundheits- und \u00c4rztezentrum Poliambulatorio: Tel. 030 2426355030 2426355 Fax 030 2426365 E-mail: info@cds-brescia.it amministrazione@cds-brescia.it commerciale@cds-brescia.it &nbsp; Das CDS srl &#8211; \u00c4rztezentrum [&hellip;]","og_url":"https:\/\/www.cds-brescia.it\/de\/contatti\/recapiti-e-orari\/","og_site_name":"CDS Brescia - Diagnostica strumentale","article_modified_time":"2015-05-22T07:54:18+00:00","schema":{"@context":"https:\/\/schema.org","@graph":[{"@type":"WebPage","@id":"https:\/\/www.cds-brescia.it\/de\/contatti\/recapiti-e-orari\/","url":"https:\/\/www.cds-brescia.it\/de\/contatti\/recapiti-e-orari\/","name":"Anschrift, Telefonnummern und \u00d6ffnungszeiten - CDS Brescia - Diagnostica strumentale","isPartOf":{"@id":"https:\/\/www.cds-brescia.it\/#website"},"datePublished":"2014-12-05T14:47:50+00:00","dateModified":"2015-05-22T07:54:18+00:00","breadcrumb":{"@id":"https:\/\/www.cds-brescia.it\/de\/contatti\/recapiti-e-orari\/#breadcrumb"},"inLanguage":"de","potentialAction":[{"@type":"ReadAction","target":["https:\/\/www.cds-brescia.it\/de\/contatti\/recapiti-e-orari\/"]}]},{"@type":"BreadcrumbList","@id":"https:\/\/www.cds-brescia.it\/de\/contatti\/recapiti-e-orari\/#breadcrumb","itemListElement":[{"@type":"ListItem","position":1,"name":"Home","item":"https:\/\/www.cds-brescia.it\/de\/"},{"@type":"ListItem","position":2,"name":"Kontakte","item":"https:\/\/www.cds-brescia.it\/de\/contatti\/"},{"@type":"ListItem","position":3,"name":"Anschrift, Telefonnummern und \u00d6ffnungszeiten"}]},{"@type":"WebSite","@id":"https:\/\/www.cds-brescia.it\/#website","url":"https:\/\/www.cds-brescia.it\/","name":"CDS Brescia - Diagnostica strumentale","description":"CDS Brescia fornisce servizi di medicina del lavoro, sicurezza sul lavoro e formazione per le Aziende. Eroghiamo i nostri servizi in tutta Italia.","potentialAction":[{"@type":"SearchAction","target":{"@type":"EntryPoint","urlTemplate":"https:\/\/www.cds-brescia.it\/?s={search_term_string}"},"query-input":{"@type":"PropertyValueSpecification","valueRequired":true,"valueName":"search_term_string"}}],"inLanguage":"de"}]}},"_links":{"self":[{"href":"https:\/\/www.cds-brescia.it\/de\/wp-json\/wp\/v2\/pages\/674","targetHints":{"allow":["GET"]}}],"collection":[{"href":"https:\/\/www.cds-brescia.it\/de\/wp-json\/wp\/v2\/pages"}],"about":[{"href":"https:\/\/www.cds-brescia.it\/de\/wp-json\/wp\/v2\/types\/page"}],"author":[{"embeddable":true,"href":"https:\/\/www.cds-brescia.it\/de\/wp-json\/wp\/v2\/users\/4"}],"replies":[{"embeddable":true,"href":"https:\/\/www.cds-brescia.it\/de\/wp-json\/wp\/v2\/comments?post=674"}],"version-history":[{"count":3,"href":"https:\/\/www.cds-brescia.it\/de\/wp-json\/wp\/v2\/pages\/674\/revisions"}],"predecessor-version":[{"id":678,"href":"https:\/\/www.cds-brescia.it\/de\/wp-json\/wp\/v2\/pages\/674\/revisions\/678"}],"up":[{"embeddable":true,"href":"https:\/\/www.cds-brescia.it\/de\/wp-json\/wp\/v2\/pages\/643"}],"wp:attachment":[{"href":"https:\/\/www.cds-brescia.it\/de\/wp-json\/wp\/v2\/media?parent=674"}],"curies":[{"name":"wp","href":"https:\/\/api.w.org\/{rel}","templated":true}]}}