{"id":691,"date":"2014-12-04T15:35:02","date_gmt":"2014-12-04T15:35:02","guid":{"rendered":"http:\/\/www.cds-brescia.it\/settore\/presenza-nazionale\/"},"modified":"2015-05-22T09:55:29","modified_gmt":"2015-05-22T09:55:29","slug":"presenza-nazionale","status":"publish","type":"page","link":"https:\/\/www.cds-brescia.it\/de\/servizi-alle-aziende-2\/presenza-nazionale\/","title":{"rendered":"Landesweite Pr\u00e4senz"},"content":{"rendered":"<p align=\"LEFT\"><b><span style=\"font-size: large;\"><span lang=\"de-DE\">Weit verzweigte Pr\u00e4senz und umfangreiche Perspektiven <\/span><\/span><\/b><\/p>\n<p align=\"LEFT\"><span lang=\"de-DE\">CDS verf\u00fcgt \u00fcber eine landesweit verzweigte Struktur, die es erm\u00f6glicht, <\/span><b><span lang=\"de-DE\">den Bed\u00fcrfnissen<\/span><\/b><span lang=\"de-DE\"> der Betriebe und \u00f6ffentlichen Verwaltungen im direkten, p\u00fcnktlichen und flexiblen Dialog <\/span><b><span lang=\"de-DE\">gerecht zu werden<\/span><\/b><span lang=\"de-DE\">.<\/span><\/p>\n<p align=\"LEFT\"><span lang=\"de-DE\">Die T\u00e4tigkeit von CDS konzentriert sich in erster Linie auf das Gebiet rund um Brescia und auf die Lombardei \u2013 mit derselben <\/span><b><span lang=\"de-DE\">Effizienz und Seriosit\u00e4t<\/span><\/b><span lang=\"de-DE\"> arbeitet das CDS-Netzwerk aber auch in allen anderen Regionen Italiens. <\/span><\/p>\n","protected":false},"excerpt":{"rendered":"<p>Weit verzweigte Pr\u00e4senz und umfangreiche Perspektiven CDS verf\u00fcgt \u00fcber eine landesweit verzweigte Struktur, die es erm\u00f6glicht, den Bed\u00fcrfnissen der Betriebe und \u00f6ffentlichen Verwaltungen im direkten, p\u00fcnktlichen und flexiblen Dialog gerecht zu werden. Die T\u00e4tigkeit von CDS konzentriert sich in erster Linie auf das Gebiet rund um Brescia und auf die Lombardei \u2013 mit derselben Effizienz [&hellip;]<\/p>\n","protected":false},"author":4,"featured_media":0,"parent":647,"menu_order":0,"comment_status":"closed","ping_status":"closed","template":"template-contenuti.php","meta":{"_acf_changed":false,"footnotes":""},"class_list":["post-691","page","type-page","status-publish","hentry"],"acf":[],"yoast_head":"<!-- This site is optimized with the Yoast SEO plugin v26.2 - https:\/\/yoast.com\/wordpress\/plugins\/seo\/ -->\n<title>Landesweite Pr\u00e4senz - CDS Brescia - Diagnostica strumentale<\/title>\n<meta name=\"robots\" content=\"index, follow, max-snippet:-1, max-image-preview:large, max-video-preview:-1\" \/>\n<link rel=\"canonical\" href=\"https:\/\/www.cds-brescia.it\/de\/servizi-alle-aziende-2\/presenza-nazionale\/\" \/>\n<meta property=\"og:locale\" content=\"de_DE\" \/>\n<meta property=\"og:type\" content=\"article\" \/>\n<meta property=\"og:title\" content=\"Landesweite Pr\u00e4senz - CDS Brescia - Diagnostica strumentale\" \/>\n<meta property=\"og:description\" content=\"Weit verzweigte Pr\u00e4senz und umfangreiche Perspektiven CDS verf\u00fcgt \u00fcber eine landesweit verzweigte Struktur, die es erm\u00f6glicht, den Bed\u00fcrfnissen der Betriebe und \u00f6ffentlichen Verwaltungen im direkten, p\u00fcnktlichen und flexiblen Dialog gerecht zu werden. Die T\u00e4tigkeit von CDS konzentriert sich in erster Linie auf das Gebiet rund um Brescia und auf die Lombardei \u2013 mit derselben Effizienz [&hellip;]\" \/>\n<meta property=\"og:url\" content=\"https:\/\/www.cds-brescia.it\/de\/servizi-alle-aziende-2\/presenza-nazionale\/\" \/>\n<meta property=\"og:site_name\" content=\"CDS Brescia - Diagnostica strumentale\" \/>\n<meta property=\"article:modified_time\" content=\"2015-05-22T09:55:29+00:00\" \/>\n<script type=\"application\/ld+json\" class=\"yoast-schema-graph\">{\"@context\":\"https:\/\/schema.org\",\"@graph\":[{\"@type\":\"WebPage\",\"@id\":\"https:\/\/www.cds-brescia.it\/de\/servizi-alle-aziende-2\/presenza-nazionale\/\",\"url\":\"https:\/\/www.cds-brescia.it\/de\/servizi-alle-aziende-2\/presenza-nazionale\/\",\"name\":\"Landesweite Pr\u00e4senz - CDS Brescia - Diagnostica strumentale\",\"isPartOf\":{\"@id\":\"https:\/\/www.cds-brescia.it\/#website\"},\"datePublished\":\"2014-12-04T15:35:02+00:00\",\"dateModified\":\"2015-05-22T09:55:29+00:00\",\"breadcrumb\":{\"@id\":\"https:\/\/www.cds-brescia.it\/de\/servizi-alle-aziende-2\/presenza-nazionale\/#breadcrumb\"},\"inLanguage\":\"de\",\"potentialAction\":[{\"@type\":\"ReadAction\",\"target\":[\"https:\/\/www.cds-brescia.it\/de\/servizi-alle-aziende-2\/presenza-nazionale\/\"]}]},{\"@type\":\"BreadcrumbList\",\"@id\":\"https:\/\/www.cds-brescia.it\/de\/servizi-alle-aziende-2\/presenza-nazionale\/#breadcrumb\",\"itemListElement\":[{\"@type\":\"ListItem\",\"position\":1,\"name\":\"Home\",\"item\":\"https:\/\/www.cds-brescia.it\/de\/\"},{\"@type\":\"ListItem\",\"position\":2,\"name\":\"Leistungen f\u00fcr Betriebe\",\"item\":\"https:\/\/www.cds-brescia.it\/de\/servizi-alle-aziende-2\/\"},{\"@type\":\"ListItem\",\"position\":3,\"name\":\"Landesweite Pr\u00e4senz\"}]},{\"@type\":\"WebSite\",\"@id\":\"https:\/\/www.cds-brescia.it\/#website\",\"url\":\"https:\/\/www.cds-brescia.it\/\",\"name\":\"CDS Brescia - Diagnostica strumentale\",\"description\":\"CDS Brescia fornisce servizi di medicina del lavoro, sicurezza sul lavoro e formazione per le Aziende. Eroghiamo i nostri servizi in tutta Italia.\",\"potentialAction\":[{\"@type\":\"SearchAction\",\"target\":{\"@type\":\"EntryPoint\",\"urlTemplate\":\"https:\/\/www.cds-brescia.it\/?s={search_term_string}\"},\"query-input\":{\"@type\":\"PropertyValueSpecification\",\"valueRequired\":true,\"valueName\":\"search_term_string\"}}],\"inLanguage\":\"de\"}]}<\/script>\n<!-- \/ Yoast SEO plugin. -->","yoast_head_json":{"title":"Landesweite Pr\u00e4senz - CDS Brescia - Diagnostica strumentale","robots":{"index":"index","follow":"follow","max-snippet":"max-snippet:-1","max-image-preview":"max-image-preview:large","max-video-preview":"max-video-preview:-1"},"canonical":"https:\/\/www.cds-brescia.it\/de\/servizi-alle-aziende-2\/presenza-nazionale\/","og_locale":"de_DE","og_type":"article","og_title":"Landesweite Pr\u00e4senz - CDS Brescia - Diagnostica strumentale","og_description":"Weit verzweigte Pr\u00e4senz und umfangreiche Perspektiven CDS verf\u00fcgt \u00fcber eine landesweit verzweigte Struktur, die es erm\u00f6glicht, den Bed\u00fcrfnissen der Betriebe und \u00f6ffentlichen Verwaltungen im direkten, p\u00fcnktlichen und flexiblen Dialog gerecht zu werden. Die T\u00e4tigkeit von CDS konzentriert sich in erster Linie auf das Gebiet rund um Brescia und auf die Lombardei \u2013 mit derselben Effizienz [&hellip;]","og_url":"https:\/\/www.cds-brescia.it\/de\/servizi-alle-aziende-2\/presenza-nazionale\/","og_site_name":"CDS Brescia - Diagnostica strumentale","article_modified_time":"2015-05-22T09:55:29+00:00","schema":{"@context":"https:\/\/schema.org","@graph":[{"@type":"WebPage","@id":"https:\/\/www.cds-brescia.it\/de\/servizi-alle-aziende-2\/presenza-nazionale\/","url":"https:\/\/www.cds-brescia.it\/de\/servizi-alle-aziende-2\/presenza-nazionale\/","name":"Landesweite Pr\u00e4senz - CDS Brescia - Diagnostica strumentale","isPartOf":{"@id":"https:\/\/www.cds-brescia.it\/#website"},"datePublished":"2014-12-04T15:35:02+00:00","dateModified":"2015-05-22T09:55:29+00:00","breadcrumb":{"@id":"https:\/\/www.cds-brescia.it\/de\/servizi-alle-aziende-2\/presenza-nazionale\/#breadcrumb"},"inLanguage":"de","potentialAction":[{"@type":"ReadAction","target":["https:\/\/www.cds-brescia.it\/de\/servizi-alle-aziende-2\/presenza-nazionale\/"]}]},{"@type":"BreadcrumbList","@id":"https:\/\/www.cds-brescia.it\/de\/servizi-alle-aziende-2\/presenza-nazionale\/#breadcrumb","itemListElement":[{"@type":"ListItem","position":1,"name":"Home","item":"https:\/\/www.cds-brescia.it\/de\/"},{"@type":"ListItem","position":2,"name":"Leistungen f\u00fcr Betriebe","item":"https:\/\/www.cds-brescia.it\/de\/servizi-alle-aziende-2\/"},{"@type":"ListItem","position":3,"name":"Landesweite Pr\u00e4senz"}]},{"@type":"WebSite","@id":"https:\/\/www.cds-brescia.it\/#website","url":"https:\/\/www.cds-brescia.it\/","name":"CDS Brescia - Diagnostica strumentale","description":"CDS Brescia fornisce servizi di medicina del lavoro, sicurezza sul lavoro e formazione per le Aziende. Eroghiamo i nostri servizi in tutta Italia.","potentialAction":[{"@type":"SearchAction","target":{"@type":"EntryPoint","urlTemplate":"https:\/\/www.cds-brescia.it\/?s={search_term_string}"},"query-input":{"@type":"PropertyValueSpecification","valueRequired":true,"valueName":"search_term_string"}}],"inLanguage":"de"}]}},"_links":{"self":[{"href":"https:\/\/www.cds-brescia.it\/de\/wp-json\/wp\/v2\/pages\/691","targetHints":{"allow":["GET"]}}],"collection":[{"href":"https:\/\/www.cds-brescia.it\/de\/wp-json\/wp\/v2\/pages"}],"about":[{"href":"https:\/\/www.cds-brescia.it\/de\/wp-json\/wp\/v2\/types\/page"}],"author":[{"embeddable":true,"href":"https:\/\/www.cds-brescia.it\/de\/wp-json\/wp\/v2\/users\/4"}],"replies":[{"embeddable":true,"href":"https:\/\/www.cds-brescia.it\/de\/wp-json\/wp\/v2\/comments?post=691"}],"version-history":[{"count":2,"href":"https:\/\/www.cds-brescia.it\/de\/wp-json\/wp\/v2\/pages\/691\/revisions"}],"predecessor-version":[{"id":718,"href":"https:\/\/www.cds-brescia.it\/de\/wp-json\/wp\/v2\/pages\/691\/revisions\/718"}],"up":[{"embeddable":true,"href":"https:\/\/www.cds-brescia.it\/de\/wp-json\/wp\/v2\/pages\/647"}],"wp:attachment":[{"href":"https:\/\/www.cds-brescia.it\/de\/wp-json\/wp\/v2\/media?parent=691"}],"curies":[{"name":"wp","href":"https:\/\/api.w.org\/{rel}","templated":true}]}}