{"id":695,"date":"2015-04-27T08:21:08","date_gmt":"2015-04-27T08:21:08","guid":{"rendered":"http:\/\/www.cds-brescia.it\/servizi-alle-aziende-2\/global-service\/"},"modified":"2015-05-22T09:38:45","modified_gmt":"2015-05-22T09:38:45","slug":"global-service","status":"publish","type":"page","link":"https:\/\/www.cds-brescia.it\/de\/servizi-alle-aziende-2\/global-service\/","title":{"rendered":"Global Service"},"content":{"rendered":"<p>Ein besonderes Merkmal, durch das sich die Gesellschaft CDS mit ihrem Angebot von anderen abhebt, besteht in der M\u00f6glichkeit f\u00fcr den Kunden, von einem vorteilhaften Rundum-Service \u201eGlobal Service\u201c bzw. \u201eSchl\u00fcsselfertig-Service\u201c Gebrauch zu machen, der \u00e4u\u00dferst bequem ist und durch ein ausgezeichnetes Preis-Leistungs-Verh\u00e4ltnis \u00fcberzeugt. <\/p>\n<p>Es handelt sich um echte Rundumserviceleistungen im Bereich Sicherheit und Arbeitsmedizin, die es erm\u00f6glichen, eine L\u00f6sung f\u00fcr alle verwaltungs- und verfahrenstechnischen sowie rein technischen und gesundheitsbezogenen Problemstellungen im Hinblick auf den neuen \u201eEinheitstext\u201c zur Sicherheit zu finden.  <\/p>\n<p>Die Global-Service-Pakete werden immer pers\u00f6nlich auf den Kunden zugeschnitten und als individuelles Angebot unterbreitet, welches Ergebnis eines (f\u00fcr den Kunden unentgeltlichen) Audits ist, durch das sich genaue Detailkenntnisse bez\u00fcglich der einzelnen Serviceposten und -modalit\u00e4ten gewinnen lassen, einschlie\u00dflich der genauen Kostenangaben.<\/p>\n","protected":false},"excerpt":{"rendered":"<p>Ein besonderes Merkmal, durch das sich die Gesellschaft CDS mit ihrem Angebot von anderen abhebt, besteht in der M\u00f6glichkeit f\u00fcr den Kunden, von einem vorteilhaften Rundum-Service \u201eGlobal Service\u201c bzw. \u201eSchl\u00fcsselfertig-Service\u201c Gebrauch zu machen, der \u00e4u\u00dferst bequem ist und durch ein ausgezeichnetes Preis-Leistungs-Verh\u00e4ltnis \u00fcberzeugt. Es handelt sich um echte Rundumserviceleistungen im Bereich Sicherheit und Arbeitsmedizin, die [&hellip;]<\/p>\n","protected":false},"author":4,"featured_media":0,"parent":647,"menu_order":0,"comment_status":"closed","ping_status":"closed","template":"template-contenuti.php","meta":{"_acf_changed":false,"footnotes":""},"class_list":["post-695","page","type-page","status-publish","hentry"],"acf":[],"yoast_head":"<!-- This site is optimized with the Yoast SEO plugin v26.2 - https:\/\/yoast.com\/wordpress\/plugins\/seo\/ -->\n<title>Global Service - CDS Brescia - Diagnostica strumentale<\/title>\n<meta name=\"robots\" content=\"index, follow, max-snippet:-1, max-image-preview:large, max-video-preview:-1\" \/>\n<link rel=\"canonical\" href=\"https:\/\/www.cds-brescia.it\/de\/servizi-alle-aziende-2\/global-service\/\" \/>\n<meta property=\"og:locale\" content=\"de_DE\" \/>\n<meta property=\"og:type\" content=\"article\" \/>\n<meta property=\"og:title\" content=\"Global Service - CDS Brescia - Diagnostica strumentale\" \/>\n<meta property=\"og:description\" content=\"Ein besonderes Merkmal, durch das sich die Gesellschaft CDS mit ihrem Angebot von anderen abhebt, besteht in der M\u00f6glichkeit f\u00fcr den Kunden, von einem vorteilhaften Rundum-Service \u201eGlobal Service\u201c bzw. \u201eSchl\u00fcsselfertig-Service\u201c Gebrauch zu machen, der \u00e4u\u00dferst bequem ist und durch ein ausgezeichnetes Preis-Leistungs-Verh\u00e4ltnis \u00fcberzeugt. Es handelt sich um echte Rundumserviceleistungen im Bereich Sicherheit und Arbeitsmedizin, die [&hellip;]\" \/>\n<meta property=\"og:url\" content=\"https:\/\/www.cds-brescia.it\/de\/servizi-alle-aziende-2\/global-service\/\" \/>\n<meta property=\"og:site_name\" content=\"CDS Brescia - Diagnostica strumentale\" \/>\n<meta property=\"article:modified_time\" content=\"2015-05-22T09:38:45+00:00\" \/>\n<meta name=\"twitter:label1\" content=\"Gesch\u00e4tzte Lesezeit\" \/>\n\t<meta name=\"twitter:data1\" content=\"1\u00a0Minute\" \/>\n<script type=\"application\/ld+json\" class=\"yoast-schema-graph\">{\"@context\":\"https:\/\/schema.org\",\"@graph\":[{\"@type\":\"WebPage\",\"@id\":\"https:\/\/www.cds-brescia.it\/de\/servizi-alle-aziende-2\/global-service\/\",\"url\":\"https:\/\/www.cds-brescia.it\/de\/servizi-alle-aziende-2\/global-service\/\",\"name\":\"Global Service - CDS Brescia - Diagnostica strumentale\",\"isPartOf\":{\"@id\":\"https:\/\/www.cds-brescia.it\/#website\"},\"datePublished\":\"2015-04-27T08:21:08+00:00\",\"dateModified\":\"2015-05-22T09:38:45+00:00\",\"breadcrumb\":{\"@id\":\"https:\/\/www.cds-brescia.it\/de\/servizi-alle-aziende-2\/global-service\/#breadcrumb\"},\"inLanguage\":\"de\",\"potentialAction\":[{\"@type\":\"ReadAction\",\"target\":[\"https:\/\/www.cds-brescia.it\/de\/servizi-alle-aziende-2\/global-service\/\"]}]},{\"@type\":\"BreadcrumbList\",\"@id\":\"https:\/\/www.cds-brescia.it\/de\/servizi-alle-aziende-2\/global-service\/#breadcrumb\",\"itemListElement\":[{\"@type\":\"ListItem\",\"position\":1,\"name\":\"Home\",\"item\":\"https:\/\/www.cds-brescia.it\/de\/\"},{\"@type\":\"ListItem\",\"position\":2,\"name\":\"Leistungen f\u00fcr Betriebe\",\"item\":\"https:\/\/www.cds-brescia.it\/de\/servizi-alle-aziende-2\/\"},{\"@type\":\"ListItem\",\"position\":3,\"name\":\"Global Service\"}]},{\"@type\":\"WebSite\",\"@id\":\"https:\/\/www.cds-brescia.it\/#website\",\"url\":\"https:\/\/www.cds-brescia.it\/\",\"name\":\"CDS Brescia - Diagnostica strumentale\",\"description\":\"CDS Brescia fornisce servizi di medicina del lavoro, sicurezza sul lavoro e formazione per le Aziende. Eroghiamo i nostri servizi in tutta Italia.\",\"potentialAction\":[{\"@type\":\"SearchAction\",\"target\":{\"@type\":\"EntryPoint\",\"urlTemplate\":\"https:\/\/www.cds-brescia.it\/?s={search_term_string}\"},\"query-input\":{\"@type\":\"PropertyValueSpecification\",\"valueRequired\":true,\"valueName\":\"search_term_string\"}}],\"inLanguage\":\"de\"}]}<\/script>\n<!-- \/ Yoast SEO plugin. -->","yoast_head_json":{"title":"Global Service - CDS Brescia - Diagnostica strumentale","robots":{"index":"index","follow":"follow","max-snippet":"max-snippet:-1","max-image-preview":"max-image-preview:large","max-video-preview":"max-video-preview:-1"},"canonical":"https:\/\/www.cds-brescia.it\/de\/servizi-alle-aziende-2\/global-service\/","og_locale":"de_DE","og_type":"article","og_title":"Global Service - CDS Brescia - Diagnostica strumentale","og_description":"Ein besonderes Merkmal, durch das sich die Gesellschaft CDS mit ihrem Angebot von anderen abhebt, besteht in der M\u00f6glichkeit f\u00fcr den Kunden, von einem vorteilhaften Rundum-Service \u201eGlobal Service\u201c bzw. \u201eSchl\u00fcsselfertig-Service\u201c Gebrauch zu machen, der \u00e4u\u00dferst bequem ist und durch ein ausgezeichnetes Preis-Leistungs-Verh\u00e4ltnis \u00fcberzeugt. Es handelt sich um echte Rundumserviceleistungen im Bereich Sicherheit und Arbeitsmedizin, die [&hellip;]","og_url":"https:\/\/www.cds-brescia.it\/de\/servizi-alle-aziende-2\/global-service\/","og_site_name":"CDS Brescia - Diagnostica strumentale","article_modified_time":"2015-05-22T09:38:45+00:00","twitter_misc":{"Gesch\u00e4tzte Lesezeit":"1\u00a0Minute"},"schema":{"@context":"https:\/\/schema.org","@graph":[{"@type":"WebPage","@id":"https:\/\/www.cds-brescia.it\/de\/servizi-alle-aziende-2\/global-service\/","url":"https:\/\/www.cds-brescia.it\/de\/servizi-alle-aziende-2\/global-service\/","name":"Global Service - CDS Brescia - Diagnostica strumentale","isPartOf":{"@id":"https:\/\/www.cds-brescia.it\/#website"},"datePublished":"2015-04-27T08:21:08+00:00","dateModified":"2015-05-22T09:38:45+00:00","breadcrumb":{"@id":"https:\/\/www.cds-brescia.it\/de\/servizi-alle-aziende-2\/global-service\/#breadcrumb"},"inLanguage":"de","potentialAction":[{"@type":"ReadAction","target":["https:\/\/www.cds-brescia.it\/de\/servizi-alle-aziende-2\/global-service\/"]}]},{"@type":"BreadcrumbList","@id":"https:\/\/www.cds-brescia.it\/de\/servizi-alle-aziende-2\/global-service\/#breadcrumb","itemListElement":[{"@type":"ListItem","position":1,"name":"Home","item":"https:\/\/www.cds-brescia.it\/de\/"},{"@type":"ListItem","position":2,"name":"Leistungen f\u00fcr Betriebe","item":"https:\/\/www.cds-brescia.it\/de\/servizi-alle-aziende-2\/"},{"@type":"ListItem","position":3,"name":"Global Service"}]},{"@type":"WebSite","@id":"https:\/\/www.cds-brescia.it\/#website","url":"https:\/\/www.cds-brescia.it\/","name":"CDS Brescia - Diagnostica strumentale","description":"CDS Brescia fornisce servizi di medicina del lavoro, sicurezza sul lavoro e formazione per le Aziende. Eroghiamo i nostri servizi in tutta Italia.","potentialAction":[{"@type":"SearchAction","target":{"@type":"EntryPoint","urlTemplate":"https:\/\/www.cds-brescia.it\/?s={search_term_string}"},"query-input":{"@type":"PropertyValueSpecification","valueRequired":true,"valueName":"search_term_string"}}],"inLanguage":"de"}]}},"_links":{"self":[{"href":"https:\/\/www.cds-brescia.it\/de\/wp-json\/wp\/v2\/pages\/695","targetHints":{"allow":["GET"]}}],"collection":[{"href":"https:\/\/www.cds-brescia.it\/de\/wp-json\/wp\/v2\/pages"}],"about":[{"href":"https:\/\/www.cds-brescia.it\/de\/wp-json\/wp\/v2\/types\/page"}],"author":[{"embeddable":true,"href":"https:\/\/www.cds-brescia.it\/de\/wp-json\/wp\/v2\/users\/4"}],"replies":[{"embeddable":true,"href":"https:\/\/www.cds-brescia.it\/de\/wp-json\/wp\/v2\/comments?post=695"}],"version-history":[{"count":1,"href":"https:\/\/www.cds-brescia.it\/de\/wp-json\/wp\/v2\/pages\/695\/revisions"}],"predecessor-version":[{"id":703,"href":"https:\/\/www.cds-brescia.it\/de\/wp-json\/wp\/v2\/pages\/695\/revisions\/703"}],"up":[{"embeddable":true,"href":"https:\/\/www.cds-brescia.it\/de\/wp-json\/wp\/v2\/pages\/647"}],"wp:attachment":[{"href":"https:\/\/www.cds-brescia.it\/de\/wp-json\/wp\/v2\/media?parent=695"}],"curies":[{"name":"wp","href":"https:\/\/api.w.org\/{rel}","templated":true}]}}