{"id":719,"date":"2014-12-03T10:58:54","date_gmt":"2014-12-03T10:58:54","guid":{"rendered":"http:\/\/www.cds-brescia.it\/lavora-con-noi-2\/"},"modified":"2015-05-25T10:05:35","modified_gmt":"2015-05-25T10:05:35","slug":"lavora-con-noi","status":"publish","type":"page","link":"https:\/\/www.cds-brescia.it\/de\/lavora-con-noi\/","title":{"rendered":"Arbeite mit uns"},"content":{"rendered":"<p>CDS SRL ist st\u00e4ndig auf der Suche nach freiberuflichen \u00c4rzten, die landesweit t\u00e4tig sind.<\/p>\n<p>Senden Sie bitte Ihren Lebenslauf an die E-Mail-Adresse:\u00a0<a href=\"mailto:info@cds-brescia.it\">info@cds-brescia.it<\/a>\u00a0damit Ihre Bewerbung entsprechend dem Arbeitsbedarf im Unternehmen gepr\u00fcft werden kann, oder f\u00fcllen Sie untenstehendes Formblatt aus.<\/p>\n\n<div class=\"wpcf7 no-js\" id=\"wpcf7-f763-o1\" lang=\"it-IT\" dir=\"ltr\" data-wpcf7-id=\"763\">\n<div class=\"screen-reader-response\"><p role=\"status\" aria-live=\"polite\" aria-atomic=\"true\"><\/p> <ul><\/ul><\/div>\n<form action=\"\/de\/wp-json\/wp\/v2\/pages\/719#wpcf7-f763-o1\" method=\"post\" class=\"wpcf7-form init\" aria-label=\"Modulo di contatto\" enctype=\"multipart\/form-data\" novalidate=\"novalidate\" data-status=\"init\">\n<fieldset class=\"hidden-fields-container\"><input type=\"hidden\" name=\"_wpcf7\" value=\"763\" \/><input type=\"hidden\" name=\"_wpcf7_version\" value=\"6.1.2\" \/><input type=\"hidden\" name=\"_wpcf7_locale\" value=\"it_IT\" \/><input type=\"hidden\" name=\"_wpcf7_unit_tag\" value=\"wpcf7-f763-o1\" \/><input type=\"hidden\" name=\"_wpcf7_container_post\" value=\"0\" \/><input type=\"hidden\" name=\"_wpcf7_posted_data_hash\" value=\"\" \/><input type=\"hidden\" name=\"_wpcf7_recaptcha_response\" value=\"\" \/>\n<\/fieldset>\n<div class=\"row\">\n\t<div class=\"col-sm-6\">\n\t\t<span class=\"wpcf7-form-control-wrap\" data-name=\"nome\"><input size=\"40\" maxlength=\"400\" class=\"wpcf7-form-control wpcf7-text wpcf7-validates-as-required\" aria-required=\"true\" aria-invalid=\"false\" placeholder=\"Vorname *\" value=\"\" type=\"text\" name=\"nome\" \/><\/span>\n\t<\/div>\n\t<div class=\"col-sm-6\">\n\t\t<span class=\"wpcf7-form-control-wrap\" data-name=\"cognome\"><input size=\"40\" maxlength=\"400\" class=\"wpcf7-form-control wpcf7-text wpcf7-validates-as-required\" aria-required=\"true\" aria-invalid=\"false\" placeholder=\"Familienname *\" value=\"\" type=\"text\" name=\"cognome\" \/><\/span>\n\t<\/div>\n    <div class=\"col-sm-6\">\n\t\t<span class=\"wpcf7-form-control-wrap\" data-name=\"telefono\"><input size=\"40\" maxlength=\"400\" class=\"wpcf7-form-control wpcf7-text wpcf7-validates-as-required\" aria-required=\"true\" aria-invalid=\"false\" placeholder=\"Telefon *\" value=\"\" type=\"text\" name=\"telefono\" \/><\/span>\n\t<\/div>\n\t<div class=\"col-sm-6\">\n\t\t<span class=\"wpcf7-form-control-wrap\" data-name=\"email\"><input size=\"40\" maxlength=\"400\" class=\"wpcf7-form-control wpcf7-email wpcf7-validates-as-required wpcf7-text wpcf7-validates-as-email\" aria-required=\"true\" aria-invalid=\"false\" placeholder=\"E-mail *\" value=\"\" type=\"email\" name=\"email\" \/><\/span>\n\t<\/div>\n    <div class=\"col-sm-6\">\n\t\t<span class=\"wpcf7-form-control-wrap\" data-name=\"indirizzo\"><input size=\"40\" maxlength=\"400\" class=\"wpcf7-form-control wpcf7-text\" aria-invalid=\"false\" placeholder=\"Anschrift\" value=\"\" type=\"text\" name=\"indirizzo\" \/><\/span>\n\t<\/div>\n\t<div class=\"col-sm-6\">\n\t\t<span class=\"wpcf7-form-control-wrap\" data-name=\"citta\"><input size=\"40\" maxlength=\"400\" class=\"wpcf7-form-control wpcf7-text\" aria-invalid=\"false\" placeholder=\"Stadt\" value=\"\" type=\"text\" name=\"citta\" \/><\/span>\n\t<\/div>\n    <div class=\"col-sm-6\">\n\t\t<span class=\"wpcf7-form-control-wrap\" data-name=\"provincia\"><input size=\"40\" maxlength=\"400\" class=\"wpcf7-form-control wpcf7-text\" aria-invalid=\"false\" placeholder=\"Provinz\" value=\"\" type=\"text\" name=\"provincia\" \/><\/span>\n\t<\/div>\n   <div class=\"col-sm-6\">\n\t\t<span class=\"wpcf7-form-control-wrap\" data-name=\"AllegaCV\"><input size=\"40\" class=\"wpcf7-form-control wpcf7-file\" accept=\".pdf\" aria-invalid=\"false\" type=\"file\" name=\"AllegaCV\" \/><\/span>\n\t<\/div>\n<\/div>\n<div class=\"row\">\n\t<div class=\"col-sm-12\">\n\t\t<span class=\"wpcf7-form-control-wrap\" data-name=\"note\"><textarea cols=\"40\" rows=\"10\" maxlength=\"2000\" class=\"wpcf7-form-control wpcf7-textarea\" aria-invalid=\"false\" placeholder=\"Anmerkungen\" name=\"note\"><\/textarea><\/span><br\/>\n<p>\n<a href=\"\" data-toggle=\"modal\" data-target=\"#modal\">Datenschutzerkl\u00e4rung gem\u00e4\u00df der italienischen gesetzesvertretenden Verf\u00fcgung Nr. 196\/2003<\/a><br\/>\n<span class=\"wpcf7-form-control-wrap\" data-name=\"accetta\"><span class=\"wpcf7-form-control wpcf7-acceptance\"><span class=\"wpcf7-list-item\"><input type=\"checkbox\" name=\"accetta\" value=\"1\" aria-invalid=\"false\" \/><\/span><\/span><\/span> Ich erkl\u00e4re, dass ich den Datenschutzhinweis gelesen habe, und es ist mir bewusst, dass die Verarbeitung der Daten f\u00fcr den Erhalt der angebotenen Leistungen erforderlich ist. Hierzu gebe ich meine Zustimmung, wobei ich erkl\u00e4re, dass ich vollj\u00e4hrig bin.\n \n<\/p>\n\t<\/div>\n<\/div>\n<div class=\"row\">\n\t<div class=\"col-sm-12\" style=\"margin-bottom:20px\">\n<span class=\"wpcf7-form-control-wrap recaptcha\" data-name=\"recaptcha\"><span data-sitekey=\"6LdBGgUrAAAAAF80WDtcGGy2vUMeIsjrLQqVYnsO\" class=\"wpcf7-form-control wpcf7-recaptcha g-recaptcha\"><\/span>\r\n<noscript>\r\n\t<div class=\"grecaptcha-noscript\">\r\n\t\t<iframe loading=\"lazy\" src=\"https:\/\/www.google.com\/recaptcha\/api\/fallback?k=6LdBGgUrAAAAAF80WDtcGGy2vUMeIsjrLQqVYnsO\" frameborder=\"0\" scrolling=\"no\" width=\"310\" height=\"430\">\r\n\t\t<\/iframe>\r\n\t\t<textarea name=\"g-recaptcha-response\" rows=\"3\" cols=\"40\" placeholder=\"reCaptcha Response Here\">\r\n\t\t<\/textarea>\r\n\t<\/div>\r\n<\/noscript>\r\n<\/span>\n\t<\/div>\n<\/div>\n<div class=\"row\">\n\t<div class=\"col-sm-6\">\n\t\t<input class=\"wpcf7-form-control wpcf7-submit has-spinner BTbutton\" type=\"submit\" value=\"SENDEN\" \/>\n                <!--<input name=\"\" type=\"button\" value=\"REMOVE\" class=\"BTbutton\">--> \n\t<\/div>\n\n<\/div>\n\n<div class=\"modal fade\" id=\"modal\" tabindex=\"-1\" role=\"dialog\" aria-labelledby=\"modalLabel\" aria-hidden=\"true\">\n\t\t\t  <div class=\"modal-dialog\">\n\t\t\t    <div class=\"modal-content\">\n\t\t\t      <div class=\"modal-header\">\n\t\t\t        <button type=\"button\" class=\"close\" data-dismiss=\"modal\"><span aria-hidden=\"true\">&times;<\/span><span class=\"sr-only\">Close<\/span><\/button>\n\t\t\t        <h3 class=\"modal-title\" id=\"modalLabel\">Informational privacy\n\t\t\t      <\/div>\n\t\t\t      <div class=\"modal-body\">\nDear Sir\/Madam,\nIn compliance with article 13 of Legislative Decree No. 196\/2003, we hereby inform you that CDS S.r.l., as the data controller, will process \u2013 for the purposes and in the ways set out below \u2013 the personal data provided by you.<br><br>\n\n1. Purposes of processing.<br><br>\n1.1. The processing will concern:\na) Personal details (name and surname);\nb) E-mail address, telephone number;.<br><br>\n1.2 The purposes for which you are requested to provide the data are the following:\na) management of estimate enquiries and response;.<br><br>\nb) promotion, also through the sending of information materials, newsletters, etc, on the activities of CDS in the field of occupational medicine..<br><br>\n2. Forms of processing\nThe processing of personal data may consist in, in addition to their collection, their recording, storage, modification, communication and deletion, and will be performed, also using electronic means, by the personnel of CDS..<br><br>\n3. Consequences of refusing to provide data\nThe provision of the data for the purposes indicated in 1.2 a) is compulsory for the purposes of responding to an enquiry. A refusal to provide the above data will thus make it impossible for CDS to respond to the enquiry.\nThe provision of the data for the purposes indicated in 1.2 b) is optional..<br><br>\n4. Limitation on transfer of data\t\nThe personal data collected will not be communicated to third parties..<br><br>\n5. Data controller\nThe data controller is:\nCDS S.r.l. Diagnostica Strumentale\nVia Aldo Moro, 12\n25124 Brescia \u2013 Italia\nhttp:\/\/www.cds-brescia.it.<br><br>\n6. Data superviser\nThe data supervisers for the various fields of competence are:\nAdministration: Mrs Costantina Bettoni, CDS Diagnostica Strumentale S.r.l., Via Aldo Moro, 12 Brescia;\nMedical and legal: Dr. Luigi Mori, CDS Diagnostica Strumentale S.r.l., Via Aldo Moro, 12 Brescia..<br><br>\n7. Right of access to personal data and other rights pursuant to art.7 Legislative Decree No. 196\/2003\nAt any time, you may have access to the data concerning you, know how they were acquired, verify that they are accurate, complete, up to date and properly protected, and exercise your relevant rights through a specific communication to be sent by registered mail to the data controller.\n\n\t\t\t      <\/div>\n\t\t\t      <div class=\"modal-footer\">\n\t\t\t        <button type=\"button\" class=\"btn btn-default\" data-dismiss=\"modal\">Chiudi<\/button>\n\t\t\t      <\/div>\n\t\t\t    <\/div>\n\t\t\t  <\/div>\n\t\t\t<\/div><div class=\"wpcf7-response-output\" aria-hidden=\"true\"><\/div>\n<\/form>\n<\/div>\n\n","protected":false},"excerpt":{"rendered":"<p>CDS SRL ist st\u00e4ndig auf der Suche nach freiberuflichen \u00c4rzten, die landesweit t\u00e4tig sind. Senden Sie bitte Ihren Lebenslauf an die E-Mail-Adresse:\u00a0info@cds-brescia.it\u00a0damit Ihre Bewerbung entsprechend dem Arbeitsbedarf im Unternehmen gepr\u00fcft werden kann, oder f\u00fcllen Sie untenstehendes Formblatt aus.<\/p>\n","protected":false},"author":4,"featured_media":0,"parent":0,"menu_order":0,"comment_status":"closed","ping_status":"closed","template":"template-contenuti.php","meta":{"_acf_changed":false,"footnotes":""},"class_list":["post-719","page","type-page","status-publish","hentry"],"acf":[],"yoast_head":"<!-- This site is optimized with the Yoast SEO plugin v26.2 - https:\/\/yoast.com\/wordpress\/plugins\/seo\/ -->\n<title>Medici specialisti in Medicina del Lavoro CDS<\/title>\n<meta name=\"description\" content=\"CDS SRL \u00e8 alla ricerca costante di medici specialisti in medicina del Lavoro che operino sul territorio nazionale. Scrivi a: info@cds-brescia.it\" \/>\n<meta name=\"robots\" content=\"index, follow, max-snippet:-1, max-image-preview:large, max-video-preview:-1\" \/>\n<link rel=\"canonical\" href=\"https:\/\/www.cds-brescia.it\/de\/lavora-con-noi\/\" \/>\n<meta property=\"og:locale\" content=\"de_DE\" \/>\n<meta property=\"og:type\" content=\"article\" \/>\n<meta property=\"og:title\" content=\"Medici specialisti in Medicina del Lavoro CDS\" \/>\n<meta property=\"og:description\" content=\"CDS SRL \u00e8 alla ricerca costante di medici specialisti in medicina del Lavoro che operino sul territorio nazionale. Scrivi a: info@cds-brescia.it\" \/>\n<meta property=\"og:url\" content=\"https:\/\/www.cds-brescia.it\/de\/lavora-con-noi\/\" \/>\n<meta property=\"og:site_name\" content=\"CDS Brescia - Diagnostica strumentale\" \/>\n<meta property=\"article:modified_time\" content=\"2015-05-25T10:05:35+00:00\" \/>\n<script type=\"application\/ld+json\" class=\"yoast-schema-graph\">{\"@context\":\"https:\/\/schema.org\",\"@graph\":[{\"@type\":\"WebPage\",\"@id\":\"https:\/\/www.cds-brescia.it\/de\/lavora-con-noi\/\",\"url\":\"https:\/\/www.cds-brescia.it\/de\/lavora-con-noi\/\",\"name\":\"Medici specialisti in Medicina del Lavoro CDS\",\"isPartOf\":{\"@id\":\"https:\/\/www.cds-brescia.it\/#website\"},\"datePublished\":\"2014-12-03T10:58:54+00:00\",\"dateModified\":\"2015-05-25T10:05:35+00:00\",\"description\":\"CDS SRL \u00e8 alla ricerca costante di medici specialisti in medicina del Lavoro che operino sul territorio nazionale. Scrivi a: info@cds-brescia.it\",\"breadcrumb\":{\"@id\":\"https:\/\/www.cds-brescia.it\/de\/lavora-con-noi\/#breadcrumb\"},\"inLanguage\":\"de\",\"potentialAction\":[{\"@type\":\"ReadAction\",\"target\":[\"https:\/\/www.cds-brescia.it\/de\/lavora-con-noi\/\"]}]},{\"@type\":\"BreadcrumbList\",\"@id\":\"https:\/\/www.cds-brescia.it\/de\/lavora-con-noi\/#breadcrumb\",\"itemListElement\":[{\"@type\":\"ListItem\",\"position\":1,\"name\":\"Home\",\"item\":\"https:\/\/www.cds-brescia.it\/de\/\"},{\"@type\":\"ListItem\",\"position\":2,\"name\":\"Arbeite mit uns\"}]},{\"@type\":\"WebSite\",\"@id\":\"https:\/\/www.cds-brescia.it\/#website\",\"url\":\"https:\/\/www.cds-brescia.it\/\",\"name\":\"CDS Brescia - Diagnostica strumentale\",\"description\":\"CDS Brescia fornisce servizi di medicina del lavoro, sicurezza sul lavoro e formazione per le Aziende. Eroghiamo i nostri servizi in tutta Italia.\",\"potentialAction\":[{\"@type\":\"SearchAction\",\"target\":{\"@type\":\"EntryPoint\",\"urlTemplate\":\"https:\/\/www.cds-brescia.it\/?s={search_term_string}\"},\"query-input\":{\"@type\":\"PropertyValueSpecification\",\"valueRequired\":true,\"valueName\":\"search_term_string\"}}],\"inLanguage\":\"de\"}]}<\/script>\n<!-- \/ Yoast SEO plugin. -->","yoast_head_json":{"title":"Medici specialisti in Medicina del Lavoro CDS","description":"CDS SRL \u00e8 alla ricerca costante di medici specialisti in medicina del Lavoro che operino sul territorio nazionale. Scrivi a: info@cds-brescia.it","robots":{"index":"index","follow":"follow","max-snippet":"max-snippet:-1","max-image-preview":"max-image-preview:large","max-video-preview":"max-video-preview:-1"},"canonical":"https:\/\/www.cds-brescia.it\/de\/lavora-con-noi\/","og_locale":"de_DE","og_type":"article","og_title":"Medici specialisti in Medicina del Lavoro CDS","og_description":"CDS SRL \u00e8 alla ricerca costante di medici specialisti in medicina del Lavoro che operino sul territorio nazionale. Scrivi a: info@cds-brescia.it","og_url":"https:\/\/www.cds-brescia.it\/de\/lavora-con-noi\/","og_site_name":"CDS Brescia - Diagnostica strumentale","article_modified_time":"2015-05-25T10:05:35+00:00","schema":{"@context":"https:\/\/schema.org","@graph":[{"@type":"WebPage","@id":"https:\/\/www.cds-brescia.it\/de\/lavora-con-noi\/","url":"https:\/\/www.cds-brescia.it\/de\/lavora-con-noi\/","name":"Medici specialisti in Medicina del Lavoro CDS","isPartOf":{"@id":"https:\/\/www.cds-brescia.it\/#website"},"datePublished":"2014-12-03T10:58:54+00:00","dateModified":"2015-05-25T10:05:35+00:00","description":"CDS SRL \u00e8 alla ricerca costante di medici specialisti in medicina del Lavoro che operino sul territorio nazionale. Scrivi a: info@cds-brescia.it","breadcrumb":{"@id":"https:\/\/www.cds-brescia.it\/de\/lavora-con-noi\/#breadcrumb"},"inLanguage":"de","potentialAction":[{"@type":"ReadAction","target":["https:\/\/www.cds-brescia.it\/de\/lavora-con-noi\/"]}]},{"@type":"BreadcrumbList","@id":"https:\/\/www.cds-brescia.it\/de\/lavora-con-noi\/#breadcrumb","itemListElement":[{"@type":"ListItem","position":1,"name":"Home","item":"https:\/\/www.cds-brescia.it\/de\/"},{"@type":"ListItem","position":2,"name":"Arbeite mit uns"}]},{"@type":"WebSite","@id":"https:\/\/www.cds-brescia.it\/#website","url":"https:\/\/www.cds-brescia.it\/","name":"CDS Brescia - Diagnostica strumentale","description":"CDS Brescia fornisce servizi di medicina del lavoro, sicurezza sul lavoro e formazione per le Aziende. Eroghiamo i nostri servizi in tutta Italia.","potentialAction":[{"@type":"SearchAction","target":{"@type":"EntryPoint","urlTemplate":"https:\/\/www.cds-brescia.it\/?s={search_term_string}"},"query-input":{"@type":"PropertyValueSpecification","valueRequired":true,"valueName":"search_term_string"}}],"inLanguage":"de"}]}},"_links":{"self":[{"href":"https:\/\/www.cds-brescia.it\/de\/wp-json\/wp\/v2\/pages\/719","targetHints":{"allow":["GET"]}}],"collection":[{"href":"https:\/\/www.cds-brescia.it\/de\/wp-json\/wp\/v2\/pages"}],"about":[{"href":"https:\/\/www.cds-brescia.it\/de\/wp-json\/wp\/v2\/types\/page"}],"author":[{"embeddable":true,"href":"https:\/\/www.cds-brescia.it\/de\/wp-json\/wp\/v2\/users\/4"}],"replies":[{"embeddable":true,"href":"https:\/\/www.cds-brescia.it\/de\/wp-json\/wp\/v2\/comments?post=719"}],"version-history":[{"count":5,"href":"https:\/\/www.cds-brescia.it\/de\/wp-json\/wp\/v2\/pages\/719\/revisions"}],"predecessor-version":[{"id":766,"href":"https:\/\/www.cds-brescia.it\/de\/wp-json\/wp\/v2\/pages\/719\/revisions\/766"}],"wp:attachment":[{"href":"https:\/\/www.cds-brescia.it\/de\/wp-json\/wp\/v2\/media?parent=719"}],"curies":[{"name":"wp","href":"https:\/\/api.w.org\/{rel}","templated":true}]}}